{"id":375,"date":"2021-04-20T13:32:29","date_gmt":"2021-04-20T17:32:29","guid":{"rendered":"https:\/\/barrylieber.com\/areas-de-practica\/"},"modified":"2021-04-20T16:49:37","modified_gmt":"2021-04-20T20:49:37","slug":"areas-de-practica","status":"publish","type":"page","link":"https:\/\/barrylieber.com\/es\/areas-de-practica\/","title":{"rendered":"Areas de pr\u00e1ctica"},"content":{"rendered":"<p>[et_pb_section fb_built=\u00bb1&#8243; next_background_color=\u00bb#ffffff\u00bb admin_label=\u00bbHero\u00bb _builder_version=\u00bb4.9.3&#8243; background_color=\u00bb#FFFFFF\u00bb background_color_gradient_direction=\u00bb70deg\u00bb background_enable_image=\u00bboff\u00bb width=\u00bb100%\u00bb max_width=\u00bb100%\u00bb module_alignment=\u00bbcenter\u00bb min_height=\u00bb960px\u00bb height=\u00bb886px\u00bb height_tablet=\u00bb\u00bb height_phone=\u00bb518px\u00bb height_last_edited=\u00bbon|desktop\u00bb max_height=\u00bb681px\u00bb custom_margin=\u00bb-3px||-285px||false|false\u00bb custom_padding=\u00bb0vw||26px||false|false\u00bb bottom_divider_style=\u00bbmountains2&#8243; bottom_divider_height=\u00bb20vw\u00bb bottom_divider_repeat=\u00bb0.5x\u00bb bottom_divider_flip=\u00bbhorizontal|vertical\u00bb background_last_edited=\u00bbon|phone\u00bb parallax_phone=\u00bboff\u00bb background_size_phone=\u00bbcover\u00bb][et_pb_row use_custom_gutter=\u00bbon\u00bb gutter_width=\u00bb4&#8243; make_equal=\u00bbon\u00bb _builder_version=\u00bb4.6.3&#8243; _module_preset=\u00bbdefault\u00bb width=\u00bb100%\u00bb max_width=\u00bb2560px\u00bb module_alignment=\u00bbcenter\u00bb custom_margin=\u00bb|auto|-40px|auto||\u00bb][et_pb_column type=\u00bb4_4&#8243; _builder_version=\u00bb4.6.3&#8243; _module_preset=\u00bbdefault\u00bb][et_pb_slider arrows_custom_color=\u00bb#0C71C3&#8243; dot_nav_custom_color=\u00bb#0C71C3&#8243; _builder_version=\u00bb4.9.3&#8243; _module_preset=\u00bbdefault\u00bb width=\u00bb100%\u00bb module_alignment=\u00bbcenter\u00bb min_height=\u00bb528px\u00bb custom_margin=\u00bb-33px|||||\u00bb custom_padding=\u00bb||39px|||\u00bb auto=\u00bbon\u00bb auto_ignore_hover=\u00bbon\u00bb hover_transition_duration=\u00bb400ms\u00bb hover_transition_delay=\u00bb150ms\u00bb module_alignment_tablet=\u00bb\u00bb module_alignment_phone=\u00bb\u00bb module_alignment_last_edited=\u00bbon|phone\u00bb box_shadow_style=\u00bbpreset1&#8243; box_shadow_blur=\u00bb26px\u00bb box_shadow_color=\u00bb#000000&#8243;][et_pb_slide _builder_version=\u00bb4.9.3&#8243; _module_preset=\u00bbdefault\u00bb header_level=\u00bbh2&#8243; header_font=\u00bb|600|||||||\u00bb header_text_color=\u00bb#FFFFFF\u00bb header_font_size=\u00bb54px\u00bb body_font=\u00bbRaleway|500|||||||\u00bb body_text_color=\u00bb#000000&#8243; body_font_size=\u00bb27px\u00bb body_line_height=\u00bb1.4em\u00bb background_enable_color=\u00bboff\u00bb background_image=\u00bbhttps:\/\/barrylieber.com\/wp-content\/uploads\/2021\/04\/b012.jpg\u00bb background_enable_image=\u00bbon\u00bb button_alignment=\u00bbcenter\u00bb text_orientation=\u00bbcenter\u00bb width=\u00bb100%\u00bb max_width=\u00bb94%\u00bb custom_padding=\u00bb234px||||false|false\u00bb custom_padding_tablet=\u00bb106px||||false|false\u00bb custom_padding_phone=\u00bb55px||||false|false\u00bb custom_padding_last_edited=\u00bbon|desktop\u00bb link_option_url=\u00bb#\u00bb header_font_size_tablet=\u00bb45px\u00bb header_font_size_phone=\u00bb26px\u00bb header_font_size_last_edited=\u00bbon|phone\u00bb body_font_size_tablet=\u00bb20px\u00bb body_font_size_phone=\u00bb12px\u00bb body_font_size_last_edited=\u00bbon|phone\u00bb body_line_height_tablet=\u00bb\u00bb body_line_height_phone=\u00bb\u00bb body_line_height_last_edited=\u00bbon|phone\u00bb sticky_transition=\u00bbon\u00bb][\/et_pb_slide][\/et_pb_slider][\/et_pb_column][\/et_pb_row][\/et_pb_section][et_pb_section fb_built=\u00bb1&#8243; custom_padding_last_edited=\u00bboff|desktop\u00bb admin_label=\u00bbServices\u00bb _builder_version=\u00bb3.22&#8243; custom_margin=\u00bb-63px|||||\u00bb custom_padding=\u00bb21px||21px|||\u00bb][et_pb_row admin_label=\u00bb\u00c1rea de contenido\u00bb _builder_version=\u00bb3.25&#8243; custom_margin=\u00bb-143px|auto||auto||\u00bb][et_pb_column type=\u00bb4_4&#8243; _builder_version=\u00bb3.25&#8243; custom_padding=\u00bb|||\u00bb custom_padding__hover=\u00bb|||\u00bb][et_pb_text _builder_version=\u00bb4.9.3&#8243; _module_preset=\u00bbdefault\u00bb text_font=\u00bbRaleway|600|||||||\u00bb text_text_color=\u00bb#000000&#8243; text_font_size=\u00bb47px\u00bb custom_margin=\u00bb-5px||55px||false|false\u00bb custom_padding=\u00bb||0px|||\u00bb text_font_size_tablet=\u00bb\u00bb text_font_size_phone=\u00bb24px\u00bb text_font_size_last_edited=\u00bbon|phone\u00bb locked=\u00bboff\u00bb]<\/p>\n<p style=\"text-align: center;\"><b>AREAS DE PR\u00c1CTICA<\/b><\/p>\n<p>[\/et_pb_text][et_pb_text _builder_version=\u00bb4.9.3&#8243; _module_preset=\u00bbdefault\u00bb text_font_size=\u00bb19px\u00bb]<\/p>\n<p style=\"text-align: center;\"><span>La oficina legal de<\/span><strong><span><span> Barry Lieber<\/span><\/span><span> es un bufete boutique de abogados de inmigraci\u00f3n en Miami que se especializa en las siguientes \u00e1reas de la ley de inmigraci\u00f3n:<\/span><\/strong><\/p>\n<p>[\/et_pb_text][\/et_pb_column][\/et_pb_row][et_pb_row column_structure=\u00bb1_2,1_2&#8243; _builder_version=\u00bb4.9.3&#8243; _module_preset=\u00bbdefault\u00bb custom_padding=\u00bb||14px|||\u00bb][et_pb_column type=\u00bb1_2&#8243; _builder_version=\u00bb4.9.3&#8243; _module_preset=\u00bbdefault\u00bb][et_pb_text _builder_version=\u00bb4.9.3&#8243; _module_preset=\u00bbdefault\u00bb text_font_size=\u00bb18px\u00bb]<\/p>\n<ul>\n<li>Peticiones de visa basadas en la familia que incluyen:<\/li>\n<\/ul>\n<p style=\"padding-left: 40px;\">a) Peticiones de matrimonio<\/p>\n<p style=\"padding-left: 40px;\">b) Peticiones de hijos ciudadanos estadounidenses para sus padres<\/p>\n<p style=\"padding-left: 40px;\">c) Peticiones de padres ciudadanos estadounidenses para sus hijos<\/p>\n<p style=\"padding-left: 40px;\">d) Peticiones de los padres titulares de la tarjeta verde para sus hijos<\/p>\n<p style=\"padding-left: 40px;\">e) Peticiones de hermanos<\/p>\n<p style=\"padding-left: 40px;\">f) Visas para prometidos de ciudadanos estadounidenses<\/p>\n<ul>\n<li>Residencia permanente basada en el empleo<\/li>\n<\/ul>\n<ul>\n<li>Tarjetas verdes para personas con habilidades extraordinarias<\/li>\n<\/ul>\n<ul>\n<li>Tarjetas verdes para ejecutivos y gerentes multinacionales<\/li>\n<\/ul>\n<ul>\n<li>Certificaciones laborales<\/li>\n<\/ul>\n<ul>\n<li>Tarjetas verdes para inversores<\/li>\n<\/ul>\n<ul>\n<li>Visas de trabajo, incluidas las H-1B, H-2A, H-2B y H-3<\/li>\n<\/ul>\n<ul>\n<li>Visas L-1 para transferidos dentro de la empresa<\/li>\n<\/ul>\n<ul>\n<li>Visas O-1 para artistas, animadores y personas con habilidades excepcionales en su campo<\/li>\n<\/ul>\n<ul>\n<li>Visas P-1 para deportistas y grupos de entretenimiento<\/li>\n<\/ul>\n<ul>\n<li>Visas P-3 para artistas culturalmente \u00fanicos<\/li>\n<\/ul>\n<ul>\n<li>Visas J-1 para aprendices y pasantes<\/li>\n<\/ul>\n<ul>\n<li>Visas TN para profesionales mexicanos y canadienses<\/li>\n<\/ul>\n<p>[\/et_pb_text][\/et_pb_column][et_pb_column type=\u00bb1_2&#8243; _builder_version=\u00bb4.9.3&#8243; _module_preset=\u00bbdefault\u00bb][et_pb_text _builder_version=\u00bb4.9.3&#8243; _module_preset=\u00bbdefault\u00bb text_font_size=\u00bb18px\u00bb custom_margin=\u00bb||49px|||\u00bb]<\/p>\n<ul>\n<li>Visas H-1B3 para modelos<\/li>\n<\/ul>\n<ul>\n<li>Visas H-1B1 para profesionales chilenos y singapurenses<\/li>\n<\/ul>\n<ul>\n<li>Visas E-1 para comerciantes<\/li>\n<\/ul>\n<ul>\n<li>Visas E-2 para inversores<\/li>\n<\/ul>\n<ul>\n<li>Visas para periodistas<\/li>\n<\/ul>\n<ul>\n<li>Defensa contra remoci\u00f3n y deportaci\u00f3n<\/li>\n<\/ul>\n<ul>\n<li>Cancelaci\u00f3n de remoci\u00f3n<\/li>\n<\/ul>\n<ul>\n<li>Asilo<\/li>\n<\/ul>\n<ul>\n<li>Anulaci\u00f3n de condenas penales<\/li>\n<\/ul>\n<ul>\n<li>Exenciones de inadmisibilidad<\/li>\n<\/ul>\n<ul>\n<li>Naturalizaci\u00f3n y ciudadan\u00eda<\/li>\n<\/ul>\n<ul>\n<li>Opciones de inmigraci\u00f3n para parejas gays y lesbianas<\/li>\n<\/ul>\n<ul>\n<li>Litigio de casos de inmigraci\u00f3n ante la Junta de Apelaciones de Inmigraci\u00f3n (BIA)<\/li>\n<\/ul>\n<ul>\n<li>Litigio de casos de inmigraci\u00f3n ante la Oficina de Apelaciones Administrativas de USCIS (AAO)<\/li>\n<\/ul>\n<ul>\n<li>Litigio de casos de inmigraci\u00f3n ante los Tribunales del Distrito Federal<\/li>\n<\/ul>\n<ul>\n<li>Litigio de casos de inmigraci\u00f3n ante los Tribunales Federales de Apelaciones<\/li>\n<\/ul>\n<p>[\/et_pb_text][\/et_pb_column][\/et_pb_row][\/et_pb_section][et_pb_section fb_built=\u00bb1&#8243; _builder_version=\u00bb3.22&#8243; custom_margin=\u00bb18px|||||\u00bb custom_padding=\u00bb11px|||||\u00bb][et_pb_row column_structure=\u00bb2_3,1_3&#8243; _builder_version=\u00bb3.25&#8243; custom_padding=\u00bb7px|0px|0|0px|false|false\u00bb hover_enabled=\u00bb0&#8243; sticky_enabled=\u00bb0&#8243;][et_pb_column type=\u00bb2_3&#8243; _builder_version=\u00bb3.25&#8243; custom_padding=\u00bb|||\u00bb custom_padding__hover=\u00bb|||\u00bb][et_pb_text _builder_version=\u00bb4.9.3&#8243; _module_preset=\u00bbdefault\u00bb text_font=\u00bbRaleway|600|||||||\u00bb text_text_color=\u00bb#000000&#8243; text_font_size=\u00bb47px\u00bb hover_enabled=\u00bb0&#8243; text_font_size_tablet=\u00bb\u00bb text_font_size_phone=\u00bb24px\u00bb text_font_size_last_edited=\u00bbon|phone\u00bb sticky_enabled=\u00bb0&#8243;]<\/p>\n<p>Solicite una consulta<\/p>\n<p>[\/et_pb_text][et_pb_text _builder_version=\u00bb4.9.3&#8243; text_font=\u00bbOpen Sans||||||||\u00bb text_font_size=\u00bb18px\u00bb text_line_height=\u00bb1.8em\u00bb hover_enabled=\u00bb0&#8243; locked=\u00bboff\u00bb sticky_enabled=\u00bb0&#8243;]<\/p>\n<p>Tel:<strong> 305-374-3860<\/strong><br \/>Fax: 305-374-6495<\/p>\n<p><a href=\"mailto:barry@barrylieber.com\"><span>barry@barrylieber.com<\/span><\/a><\/p>\n<p>[\/et_pb_text][\/et_pb_column][et_pb_column type=\u00bb1_3&#8243; _builder_version=\u00bb3.25&#8243; custom_padding=\u00bb|||\u00bb custom_padding__hover=\u00bb|||\u00bb][et_pb_contact_form email=\u00bbbarry@barrylieber.com\u00bb success_message=\u00bbGracias por su correo electr\u00f3nico\u00bb submit_button_text=\u00bbEnviar\u00bb _builder_version=\u00bb4.9.3&#8243; _module_preset=\u00bbdefault\u00bb][et_pb_contact_field field_id=\u00bbContact_Name\u00bb field_title=\u00bbNombre de contacto\u00bb _builder_version=\u00bb4.6.3&#8243; button_text_size__hover_enabled=\u00bboff\u00bb button_one_text_size__hover_enabled=\u00bboff\u00bb button_two_text_size__hover_enabled=\u00bboff\u00bb button_text_color__hover_enabled=\u00bboff\u00bb button_one_text_color__hover_enabled=\u00bboff\u00bb button_two_text_color__hover_enabled=\u00bboff\u00bb button_border_width__hover_enabled=\u00bboff\u00bb button_one_border_width__hover_enabled=\u00bboff\u00bb button_two_border_width__hover_enabled=\u00bboff\u00bb button_border_color__hover_enabled=\u00bboff\u00bb button_one_border_color__hover_enabled=\u00bboff\u00bb button_two_border_color__hover_enabled=\u00bboff\u00bb button_border_radius__hover_enabled=\u00bboff\u00bb button_one_border_radius__hover_enabled=\u00bboff\u00bb button_two_border_radius__hover_enabled=\u00bboff\u00bb button_letter_spacing__hover_enabled=\u00bboff\u00bb button_one_letter_spacing__hover_enabled=\u00bboff\u00bb button_two_letter_spacing__hover_enabled=\u00bboff\u00bb button_bg_color__hover_enabled=\u00bboff\u00bb button_one_bg_color__hover_enabled=\u00bboff\u00bb button_two_bg_color__hover_enabled=\u00bboff\u00bb][\/et_pb_contact_field][et_pb_contact_field field_id=\u00bbEmail\u00bb field_title=\u00bbCorreo electr\u00f3nico\u00bb field_type=\u00bbemail\u00bb _builder_version=\u00bb4.9.3&#8243; button_text_size__hover_enabled=\u00bboff\u00bb button_one_text_size__hover_enabled=\u00bboff\u00bb button_two_text_size__hover_enabled=\u00bboff\u00bb button_text_color__hover_enabled=\u00bboff\u00bb button_one_text_color__hover_enabled=\u00bboff\u00bb button_two_text_color__hover_enabled=\u00bboff\u00bb button_border_width__hover_enabled=\u00bboff\u00bb button_one_border_width__hover_enabled=\u00bboff\u00bb button_two_border_width__hover_enabled=\u00bboff\u00bb button_border_color__hover_enabled=\u00bboff\u00bb button_one_border_color__hover_enabled=\u00bboff\u00bb button_two_border_color__hover_enabled=\u00bboff\u00bb button_border_radius__hover_enabled=\u00bboff\u00bb button_one_border_radius__hover_enabled=\u00bboff\u00bb button_two_border_radius__hover_enabled=\u00bboff\u00bb button_letter_spacing__hover_enabled=\u00bboff\u00bb button_one_letter_spacing__hover_enabled=\u00bboff\u00bb button_two_letter_spacing__hover_enabled=\u00bboff\u00bb button_bg_color__hover_enabled=\u00bboff\u00bb button_one_bg_color__hover_enabled=\u00bboff\u00bb button_two_bg_color__hover_enabled=\u00bboff\u00bb][\/et_pb_contact_field][et_pb_contact_field field_id=\u00bbPhone\u00bb field_title=\u00bbTel\u00e9fono \u00bb _builder_version=\u00bb4.6.3&#8243; button_text_size__hover_enabled=\u00bboff\u00bb button_one_text_size__hover_enabled=\u00bboff\u00bb button_two_text_size__hover_enabled=\u00bboff\u00bb button_text_color__hover_enabled=\u00bboff\u00bb button_one_text_color__hover_enabled=\u00bboff\u00bb button_two_text_color__hover_enabled=\u00bboff\u00bb button_border_width__hover_enabled=\u00bboff\u00bb button_one_border_width__hover_enabled=\u00bboff\u00bb button_two_border_width__hover_enabled=\u00bboff\u00bb button_border_color__hover_enabled=\u00bboff\u00bb button_one_border_color__hover_enabled=\u00bboff\u00bb button_two_border_color__hover_enabled=\u00bboff\u00bb button_border_radius__hover_enabled=\u00bboff\u00bb button_one_border_radius__hover_enabled=\u00bboff\u00bb button_two_border_radius__hover_enabled=\u00bboff\u00bb button_letter_spacing__hover_enabled=\u00bboff\u00bb button_one_letter_spacing__hover_enabled=\u00bboff\u00bb button_two_letter_spacing__hover_enabled=\u00bboff\u00bb button_bg_color__hover_enabled=\u00bboff\u00bb button_one_bg_color__hover_enabled=\u00bboff\u00bb button_two_bg_color__hover_enabled=\u00bboff\u00bb][\/et_pb_contact_field][et_pb_contact_field field_id=\u00bbMessage\u00bb field_title=\u00bbMensaje\u00bb field_type=\u00bbtext\u00bb fullwidth_field=\u00bbon\u00bb _builder_version=\u00bb3.16&#8243; button_text_size__hover_enabled=\u00bboff\u00bb button_one_text_size__hover_enabled=\u00bboff\u00bb button_two_text_size__hover_enabled=\u00bboff\u00bb button_text_color__hover_enabled=\u00bboff\u00bb button_one_text_color__hover_enabled=\u00bboff\u00bb button_two_text_color__hover_enabled=\u00bboff\u00bb button_border_width__hover_enabled=\u00bboff\u00bb button_one_border_width__hover_enabled=\u00bboff\u00bb button_two_border_width__hover_enabled=\u00bboff\u00bb button_border_color__hover_enabled=\u00bboff\u00bb button_one_border_color__hover_enabled=\u00bboff\u00bb button_two_border_color__hover_enabled=\u00bboff\u00bb button_border_radius__hover_enabled=\u00bboff\u00bb button_one_border_radius__hover_enabled=\u00bboff\u00bb button_two_border_radius__hover_enabled=\u00bboff\u00bb button_letter_spacing__hover_enabled=\u00bboff\u00bb button_one_letter_spacing__hover_enabled=\u00bboff\u00bb button_two_letter_spacing__hover_enabled=\u00bboff\u00bb button_bg_color__hover_enabled=\u00bboff\u00bb button_one_bg_color__hover_enabled=\u00bboff\u00bb button_two_bg_color__hover_enabled=\u00bboff\u00bb][\/et_pb_contact_field][\/et_pb_contact_form][\/et_pb_column][\/et_pb_row][\/et_pb_section][et_pb_section fb_built=\u00bb1&#8243; prev_background_color=\u00bb#ffffff\u00bb next_background_color=\u00bb#ffffff\u00bb admin_label=\u00bbCall To Action\u00bb _builder_version=\u00bb4.9.3&#8243; use_background_color_gradient=\u00bbon\u00bb background_color_gradient_start=\u00bb#e09900&#8243; background_color_gradient_end=\u00bbrgba(152,223,249,0.5)\u00bb background_color_gradient_direction=\u00bb148deg\u00bb background_color_gradient_start_position=\u00bb3%\u00bb background_color_gradient_overlays_image=\u00bbon\u00bb background_image=\u00bbhttps:\/\/barrylieber.com\/wp-content\/uploads\/2021\/04\/mia3.jpg\u00bb custom_margin=\u00bb|||\u00bb custom_padding=\u00bb5vw||5vw||true|false\u00bb top_divider_style=\u00bbmountains2&#8243; top_divider_height=\u00bb8vw\u00bb top_divider_repeat=\u00bb0.5x\u00bb top_divider_flip=\u00bbvertical\u00bb bottom_divider_style=\u00bbwave2&#8243; bottom_divider_height=\u00bb14%\u00bb bottom_divider_repeat=\u00bb0.5x\u00bb bottom_divider_flip=\u00bbhorizontal\u00bb locked=\u00bboff\u00bb][\/et_pb_section]<\/p>\n","protected":false},"excerpt":{"rendered":"<p>[et_pb_section fb_built=\u00bb1&#8243; next_background_color=\u00bb#ffffff\u00bb admin_label=\u00bbHero\u00bb _builder_version=\u00bb4.9.3&#8243; background_color=\u00bb#FFFFFF\u00bb background_color_gradient_direction=\u00bb70deg\u00bb background_enable_image=\u00bboff\u00bb width=\u00bb100%\u00bb max_width=\u00bb100%\u00bb module_alignment=\u00bbcenter\u00bb min_height=\u00bb960px\u00bb height=\u00bb886px\u00bb height_tablet=\u00bb\u00bb height_phone=\u00bb518px\u00bb height_last_edited=\u00bbon|desktop\u00bb max_height=\u00bb681px\u00bb custom_margin=\u00bb-3px||-285px||false|false\u00bb custom_padding=\u00bb0vw||26px||false|false\u00bb bottom_divider_style=\u00bbmountains2&#8243; bottom_divider_height=\u00bb20vw\u00bb bottom_divider_repeat=\u00bb0.5x\u00bb bottom_divider_flip=\u00bbhorizontal|vertical\u00bb background_last_edited=\u00bbon|phone\u00bb parallax_phone=\u00bboff\u00bb background_size_phone=\u00bbcover\u00bb][et_pb_row use_custom_gutter=\u00bbon\u00bb gutter_width=\u00bb4&#8243; make_equal=\u00bbon\u00bb _builder_version=\u00bb4.6.3&#8243; _module_preset=\u00bbdefault\u00bb width=\u00bb100%\u00bb max_width=\u00bb2560px\u00bb module_alignment=\u00bbcenter\u00bb custom_margin=\u00bb|auto|-40px|auto||\u00bb][et_pb_column type=\u00bb4_4&#8243; _builder_version=\u00bb4.6.3&#8243; _module_preset=\u00bbdefault\u00bb][et_pb_slider arrows_custom_color=\u00bb#0C71C3&#8243; dot_nav_custom_color=\u00bb#0C71C3&#8243; _builder_version=\u00bb4.9.3&#8243; _module_preset=\u00bbdefault\u00bb width=\u00bb100%\u00bb module_alignment=\u00bbcenter\u00bb min_height=\u00bb528px\u00bb custom_margin=\u00bb-33px|||||\u00bb custom_padding=\u00bb||39px|||\u00bb auto=\u00bbon\u00bb auto_ignore_hover=\u00bbon\u00bb hover_transition_duration=\u00bb400ms\u00bb hover_transition_delay=\u00bb150ms\u00bb module_alignment_tablet=\u00bb\u00bb module_alignment_phone=\u00bb\u00bb module_alignment_last_edited=\u00bbon|phone\u00bb box_shadow_style=\u00bbpreset1&#8243; [&hellip;]<\/p>\n","protected":false},"author":2,"featured_media":0,"parent":0,"menu_order":0,"comment_status":"closed","ping_status":"closed","template":"","meta":{"_et_pb_use_builder":"on","_et_pb_old_content":"","_et_gb_content_width":""},"_links":{"self":[{"href":"https:\/\/barrylieber.com\/es\/wp-json\/wp\/v2\/pages\/375"}],"collection":[{"href":"https:\/\/barrylieber.com\/es\/wp-json\/wp\/v2\/pages"}],"about":[{"href":"https:\/\/barrylieber.com\/es\/wp-json\/wp\/v2\/types\/page"}],"author":[{"embeddable":true,"href":"https:\/\/barrylieber.com\/es\/wp-json\/wp\/v2\/users\/2"}],"replies":[{"embeddable":true,"href":"https:\/\/barrylieber.com\/es\/wp-json\/wp\/v2\/comments?post=375"}],"version-history":[{"count":22,"href":"https:\/\/barrylieber.com\/es\/wp-json\/wp\/v2\/pages\/375\/revisions"}],"predecessor-version":[{"id":666,"href":"https:\/\/barrylieber.com\/es\/wp-json\/wp\/v2\/pages\/375\/revisions\/666"}],"wp:attachment":[{"href":"https:\/\/barrylieber.com\/es\/wp-json\/wp\/v2\/media?parent=375"}],"curies":[{"name":"wp","href":"https:\/\/api.w.org\/{rel}","templated":true}]}}