{"id":564,"date":"2021-04-20T14:55:28","date_gmt":"2021-04-20T18:55:28","guid":{"rendered":"https:\/\/barrylieber.com\/residencia-permanente-por-matrimonio\/"},"modified":"2021-04-20T14:55:43","modified_gmt":"2021-04-20T18:55:43","slug":"residencia-permanente-por-matrimonio","status":"publish","type":"page","link":"https:\/\/barrylieber.com\/es\/residencia-permanente-por-matrimonio\/","title":{"rendered":"Residencia permanente por matrimonio"},"content":{"rendered":"<p>[et_pb_section fb_built=\u00bb1&#8243; next_background_color=\u00bb#ffffff\u00bb admin_label=\u00bbHero\u00bb _builder_version=\u00bb4.9.3&#8243; background_color=\u00bb#FFFFFF\u00bb background_color_gradient_direction=\u00bb70deg\u00bb background_enable_image=\u00bboff\u00bb width=\u00bb100%\u00bb max_width=\u00bb100%\u00bb module_alignment=\u00bbcenter\u00bb min_height=\u00bb960px\u00bb height=\u00bb886px\u00bb height_tablet=\u00bb\u00bb height_phone=\u00bb518px\u00bb height_last_edited=\u00bbon|desktop\u00bb max_height=\u00bb681px\u00bb custom_margin=\u00bb-3px||-285px||false|false\u00bb custom_padding=\u00bb0vw||26px||false|false\u00bb bottom_divider_style=\u00bbmountains2&#8243; bottom_divider_height=\u00bb20vw\u00bb bottom_divider_repeat=\u00bb0.5x\u00bb bottom_divider_flip=\u00bbhorizontal|vertical\u00bb background_last_edited=\u00bbon|phone\u00bb parallax_phone=\u00bboff\u00bb background_size_phone=\u00bbcover\u00bb][et_pb_row use_custom_gutter=\u00bbon\u00bb gutter_width=\u00bb4&#8243; make_equal=\u00bbon\u00bb _builder_version=\u00bb4.6.3&#8243; _module_preset=\u00bbdefault\u00bb width=\u00bb100%\u00bb max_width=\u00bb2560px\u00bb module_alignment=\u00bbcenter\u00bb custom_margin=\u00bb|auto|-40px|auto||\u00bb][et_pb_column type=\u00bb4_4&#8243; _builder_version=\u00bb4.6.3&#8243; _module_preset=\u00bbdefault\u00bb][et_pb_slider arrows_custom_color=\u00bb#0C71C3&#8243; dot_nav_custom_color=\u00bb#0C71C3&#8243; _builder_version=\u00bb4.9.3&#8243; _module_preset=\u00bbdefault\u00bb width=\u00bb100%\u00bb module_alignment=\u00bbcenter\u00bb min_height=\u00bb528px\u00bb custom_margin=\u00bb-33px|||||\u00bb custom_padding=\u00bb||39px|||\u00bb auto=\u00bbon\u00bb auto_ignore_hover=\u00bbon\u00bb hover_transition_duration=\u00bb400ms\u00bb hover_transition_delay=\u00bb150ms\u00bb hover_enabled=\u00bb0&#8243; module_alignment_tablet=\u00bb\u00bb module_alignment_phone=\u00bb\u00bb module_alignment_last_edited=\u00bbon|phone\u00bb box_shadow_style=\u00bbpreset1&#8243; box_shadow_blur=\u00bb26px\u00bb box_shadow_color=\u00bb#000000&#8243; sticky_enabled=\u00bb0&#8243;][et_pb_slide _builder_version=\u00bb4.9.3&#8243; _module_preset=\u00bbdefault\u00bb header_level=\u00bbh2&#8243; header_font=\u00bb|600|||||||\u00bb header_text_color=\u00bb#FFFFFF\u00bb header_font_size=\u00bb54px\u00bb body_font=\u00bbRaleway|500|||||||\u00bb body_text_color=\u00bb#000000&#8243; body_font_size=\u00bb27px\u00bb body_line_height=\u00bb1.4em\u00bb background_enable_color=\u00bboff\u00bb background_image=\u00bbhttps:\/\/barrylieber.com\/wp-content\/uploads\/2021\/04\/s-marriage.jpg\u00bb background_enable_image=\u00bbon\u00bb button_alignment=\u00bbcenter\u00bb text_orientation=\u00bbcenter\u00bb width=\u00bb100%\u00bb max_width=\u00bb94%\u00bb custom_padding=\u00bb234px||||false|false\u00bb custom_padding_tablet=\u00bb106px||||false|false\u00bb custom_padding_phone=\u00bb55px||||false|false\u00bb custom_padding_last_edited=\u00bbon|desktop\u00bb link_option_url=\u00bb#\u00bb hover_enabled=\u00bb0&#8243; header_font_size_tablet=\u00bb45px\u00bb header_font_size_phone=\u00bb26px\u00bb header_font_size_last_edited=\u00bbon|phone\u00bb body_font_size_tablet=\u00bb20px\u00bb body_font_size_phone=\u00bb12px\u00bb body_font_size_last_edited=\u00bbon|phone\u00bb body_line_height_tablet=\u00bb\u00bb body_line_height_phone=\u00bb\u00bb body_line_height_last_edited=\u00bbon|phone\u00bb sticky_transition=\u00bbon\u00bb title_text=\u00bbs-marriage\u00bb sticky_enabled=\u00bb0&#8243;][\/et_pb_slide][\/et_pb_slider][\/et_pb_column][\/et_pb_row][\/et_pb_section][et_pb_section fb_built=\u00bb1&#8243; custom_padding_last_edited=\u00bboff|desktop\u00bb admin_label=\u00bbServices\u00bb _builder_version=\u00bb3.22&#8243; custom_margin=\u00bb-63px|||||\u00bb custom_padding=\u00bb21px||21px|||\u00bb][et_pb_row admin_label=\u00bb\u00c1rea de contenido\u00bb _builder_version=\u00bb3.25&#8243; custom_margin=\u00bb-143px|auto||auto||\u00bb][et_pb_column type=\u00bb4_4&#8243; _builder_version=\u00bb3.25&#8243; custom_padding=\u00bb|||\u00bb custom_padding__hover=\u00bb|||\u00bb][et_pb_text _builder_version=\u00bb4.9.3&#8243; _module_preset=\u00bbdefault\u00bb text_font=\u00bbRaleway|600||on|||||\u00bb text_text_color=\u00bb#000000&#8243; text_font_size=\u00bb47px\u00bb text_line_height=\u00bb1.8em\u00bb custom_margin=\u00bb-5px||55px||false|false\u00bb custom_padding=\u00bb||0px|||\u00bb hover_enabled=\u00bb0&#8243; text_font_size_tablet=\u00bb\u00bb text_font_size_phone=\u00bb24px\u00bb text_font_size_last_edited=\u00bbon|phone\u00bb locked=\u00bboff\u00bb sticky_enabled=\u00bb0&#8243;]<\/p>\n<h2 style=\"text-align: center;\"><strong>Residencia permanente por matrimonio<\/strong><\/h2>\n<p>[\/et_pb_text][et_pb_text _builder_version=\u00bb4.9.3&#8243; _module_preset=\u00bbdefault\u00bb text_font_size=\u00bb19px\u00bb hover_enabled=\u00bb0&#8243; sticky_enabled=\u00bb0&#8243;]<\/p>\n<p style=\"text-align: justify;\">Cada a\u00f1o, m\u00e1s de 400,000 ciudadanos de los Estados Unidos se casan con personas nacidas en el extranjero y solicitan que obtengan la residencia permanente en los Estados Unidos. Los c\u00f3nyuges de ciudadanos estadounidenses se consideran \u00abparientes inmediatos\u00bb seg\u00fan las leyes de inmigraci\u00f3n y est\u00e1n exentos de todas las limitaciones de cuotas num\u00e9ricas. En otras palabras, el matrimonio con un ciudadano estadounidense es el camino r\u00e1pido hacia una tarjeta verde.<\/p>\n<p style=\"text-align: justify;\">Alternativamente, el matrimonio con un residente permanente es muy problem\u00e1tico y, a menudo, hace que los c\u00f3nyuges reci\u00e9n casados vivan separados durante muchos a\u00f1os. Se requiere una soluci\u00f3n legislativa a este problema.<\/p>\n<p style=\"text-align: justify;\"><strong>C\u00f3nyuges e hijos maltratados<\/strong><span> de los ciudadanos estadounidenses y los residentes permanentes legales tienen derecho a beneficios especiales seg\u00fan la ley.<\/span><\/p>\n<p style=\"text-align: justify;\">Tambi\u00e9n es posible que un ciudadano de los EE. UU. Obtenga una visa temporal para un prometido y se case una vez que llegue a los EE. UU.<\/p>\n<h3 style=\"text-align: justify;\">SI EL MATRIMONIO OCURRE EN ESTADOS UNIDOS<\/h3>\n<p style=\"text-align: justify;\">Desde el punto de vista del procedimiento, el proceso funciona as\u00ed: el ciudadano estadounidense debe presentar una petici\u00f3n de visa (formulario I-130) al Centro Nacional de Beneficios para demostrar que el matrimonio es de buena fe, es decir, que se celebr\u00f3 por amor y no simplemente por el extranjero. c\u00f3nyuge nacido para obtener una tarjeta verde. Se adjuntan a la petici\u00f3n de visa los siguientes elementos: (1) Formularios biogr\u00e1ficos (formularios G-325A) tanto para el esposo como para la esposa con fotograf\u00edas adjuntas; (2) Prueba del estado de ciudadan\u00eda del peticionario. Esto puede tomar la forma de un pasaporte estadounidense, un certificado de naturalizaci\u00f3n o ciudadan\u00eda o una copia certificada del certificado de nacimiento del ciudadano; (3) Una copia certificada del certificado de matrimonio; (4) Copias certificadas de los documentos que terminaron los matrimonios anteriores del esposo o esposa, incluidos los decretos finales de divorcio y certificados de anulaci\u00f3n o muerte.<\/p>\n<p style=\"text-align: justify;\">Simult\u00e1neamente, el c\u00f3nyuge nacido en el extranjero, asumiendo que ingres\u00f3 legalmente a los EE. UU., Debe presentar una solicitud de ajuste de estatus (formulario I-485), que es una solicitud de tarjeta verde. Los elementos que generalmente acompa\u00f1an al formulario I-485 incluyen fotograf\u00edas de la tarjeta verde, una declaraci\u00f3n jurada de apoyo del c\u00f3nyuge, una solicitud de autorizaci\u00f3n de empleo, una solicitud de permiso de viaje (conocido en la jerga de CIS como \u00abpermiso anticipado\u00bb), asumiendo que el no ciudadano el c\u00f3nyuge no ha estado presente ilegalmente en los EE. UU. durante 180 d\u00edas o m\u00e1s, y muchos otros formularios de CIS.<\/p>\n<p style=\"text-align: justify;\">Y no olvide las tarifas de presentaci\u00f3n de CIS. Las tarifas de presentaci\u00f3n actuales para el formulario I-130 (petici\u00f3n de visa), I-485 (solicitud de ajuste de estatus), I-765 (solicitud de documento de autorizaci\u00f3n de empleo), I-131 (solicitud de libertad condicional anticipada) y toma de huellas digitales.<\/p>\n<p style=\"text-align: justify;\">El CIS aceptar\u00e1 las solicitudes, cobrar\u00e1 su cheque y programar\u00e1 una entrevista entre tres y 12 meses. Si la espera para la entrevista supera los 90 d\u00edas, es probable que la tarjeta de trabajo y el permiso de viaje se emitan en cuesti\u00f3n de semanas o meses.<\/p>\n<p style=\"text-align: justify;\">El CIS brinda asesoramiento a ciudadanos estadounidenses y residentes permanentes que desean obtener la residencia permanente en los EE. UU. Para su c\u00f3nyuge nacido en el extranjero a trav\u00e9s del sistema Infopass.<\/p>\n<h3 style=\"text-align: justify;\">SI EL MATRIMONIO OCURRE FUERA DE EE. UU.<\/h3>\n<p style=\"text-align: justify;\">El proceso es similar, excepto que tradicionalmente el c\u00f3nyuge nacido en el extranjero ten\u00eda que permanecer en su pa\u00eds hasta que obtuviera una tarjeta verde.<span> <\/span><strong>Esto cambi\u00f3 el 14 de agosto de 2001 cuando las visas temporales K-3 y K-4 estuvieron disponibles y permitieron al c\u00f3nyuge e hijos de ciudadanos estadounidenses obtener visas temporales para venir a los EE. UU. Y procesar el papeleo en los EE. UU.<\/strong><\/p>\n<p style=\"text-align: justify;\">El Departamento de Estado de los EE. UU. Ofrece asesoramiento en su p\u00e1gina web a los ciudadanos que se casan con personas nacidas en el extranjero en el extranjero y desean obtener visas de inmigrante (permanentes) para ellos.<\/p>\n<p style=\"text-align: justify;\">El proceso comienza cuando el c\u00f3nyuge ciudadano presenta una solicitud de visa a la oficina del CIS que tiene jurisdicci\u00f3n sobre su residencia o directamente a la Embajada o Consulado de los Estados Unidos en el pa\u00eds donde reside el c\u00f3nyuge nacido en el extranjero. El c\u00f3nyuge ciudadano debe adjuntar los mismos elementos con la petici\u00f3n de visa que se enumeran anteriormente, incluida la tarifa de presentaci\u00f3n.<\/p>\n<p style=\"text-align: justify;\">Una vez que se aprueba la petici\u00f3n de visa, el c\u00f3nyuge nacido en el extranjero recibir\u00e1 un paquete del Centro Nacional de Visas (NVC) ubicado en Portsmouth, New Hampshire. El paquete informa al c\u00f3nyuge nacido en el extranjero de los diversos documentos que deben presentarse en la entrevista de visa de inmigrante en el extranjero (por ejemplo, pasaporte, autorizaciones policiales, fotos, certificados de nacimiento, certificado de matrimonio, prueba de terminaci\u00f3n de matrimonios anteriores, certificados militares, etc. ). El paquete incluye ciertos documentos solicitando datos biogr\u00e1ficos que deben ser completados, firmados y enviados a la Embajada o Consulado de los Estados Unidos en el exterior.<\/p>\n<p style=\"text-align: justify;\">Por lo general, el c\u00f3nyuge nacido en el extranjero es entrevistado y se le otorga una visa de inmigrante dentro de tres a seis meses. El Departamento de Estado cobra una tarifa de $ 492 por una visa de inmigrante.<\/p>\n<p style=\"text-align: justify;\">A veces, para evitar una separaci\u00f3n prolongada, los c\u00f3nyuges regresan a los EE. UU. Despu\u00e9s del matrimonio y proceden a presentar las solicitudes necesarias una vez que ambos se encuentran en los EE. UU. Por lo general, CIS no ve esta pr\u00e1ctica. No es raro que el CIS detenga al c\u00f3nyuge nacido en el extranjero en la frontera y lo excluya de los EE. UU. Como un posible inmigrante. Sin embargo, si el c\u00f3nyuge nacido en el extranjero puede ingresar a los EE. UU., CIS no negar\u00e1 su solicitud para una tarjeta verde \u00fanicamente porque ingres\u00f3 a los EE. UU. Con una visa temporal cuando su intenci\u00f3n real era permanecer permanentemente en los EE. UU.<\/p>\n<h3 style=\"text-align: justify;\">RETIRO DE RESIDENCIA CONDICIONAL<\/h3>\n<p style=\"text-align: justify;\">Si el matrimonio tiene menos de dos a\u00f1os cuando el c\u00f3nyuge nacido en el extranjero se convierte en residente permanente, la tarjeta verde vencer\u00e1 despu\u00e9s de un per\u00edodo de dos a\u00f1os. Ambos c\u00f3nyuges deben presentar una petici\u00f3n conjunta (formulario I-751) para eliminar la condici\u00f3n dentro del per\u00edodo de 90 d\u00edas inmediatamente anterior al final del per\u00edodo de dos a\u00f1os.<\/p>\n<p style=\"text-align: justify;\">Si el matrimonio ha terminado por raz\u00f3n de divorcio, muerte del c\u00f3nyuge ciudadano o abuso conyugal, el c\u00f3nyuge nacido en el extranjero puede solicitar una exenci\u00f3n del requisito de petici\u00f3n conjunta.<\/p>\n<p style=\"text-align: justify;\">El 10 de abril de 2003, el CIS emiti\u00f3 un memorando de pol\u00edtica que establece que una persona que haya obtenido la residencia permanente en base a un matrimonio con un ciudadano estadounidense no puede presentar una solicitud de exenci\u00f3n del requisito de petici\u00f3n conjunta basada en la \u00abbuena fe\u00bb excepci\u00f3n de matrimonio al requisito de petici\u00f3n conjunta hasta que la persona haya obtenido una disoluci\u00f3n definitiva del matrimonio. Sin embargo, si el c\u00f3nyuge residente condicional presenta la petici\u00f3n I-751 conjuntamente y luego, mientras la petici\u00f3n I-751 est\u00e1 pendiente, el matrimonio no funciona y la pareja se divorcia, USCIS convertir\u00e1 el I-751 en una exenci\u00f3n del contrato conjunto. requisito de presentaci\u00f3n.<\/p>\n<p>[\/et_pb_text][\/et_pb_column][\/et_pb_row][et_pb_row _builder_version=\u00bb4.9.3&#8243; _module_preset=\u00bbdefault\u00bb custom_padding=\u00bb||44px|||\u00bb][et_pb_column type=\u00bb4_4&#8243; _builder_version=\u00bb4.9.3&#8243; _module_preset=\u00bbdefault\u00bb][et_pb_button button_url=\u00bbhttps:\/\/barrylieber.com\/es\/temas-de-inmigracion\/\u00bb button_text=\u00bbVolver a Temas de inmigraci\u00f3n\u00bb button_alignment=\u00bbcenter\u00bb _builder_version=\u00bb4.9.3&#8243; _module_preset=\u00bbdefault\u00bb][\/et_pb_button][\/et_pb_column][\/et_pb_row][\/et_pb_section][et_pb_section fb_built=\u00bb1&#8243; _builder_version=\u00bb3.22&#8243; custom_margin=\u00bb18px|||||\u00bb custom_padding=\u00bb11px|||||\u00bb][et_pb_row column_structure=\u00bb2_3,1_3&#8243; _builder_version=\u00bb3.25&#8243; custom_padding=\u00bb7px|0px|0|0px|false|false\u00bb][et_pb_column type=\u00bb2_3&#8243; _builder_version=\u00bb3.25&#8243; custom_padding=\u00bb|||\u00bb custom_padding__hover=\u00bb|||\u00bb][et_pb_text _builder_version=\u00bb4.9.3&#8243; _module_preset=\u00bbdefault\u00bb text_font=\u00bbRaleway|600|||||||\u00bb text_text_color=\u00bb#000000&#8243; text_font_size=\u00bb47px\u00bb text_font_size_tablet=\u00bb\u00bb text_font_size_phone=\u00bb24px\u00bb text_font_size_last_edited=\u00bbon|phone\u00bb]<\/p>\n<p>Cont\u00e1ctenos:<\/p>\n<p>[\/et_pb_text][et_pb_text _builder_version=\u00bb4.9.3&#8243; text_font=\u00bbOpen Sans||||||||\u00bb text_font_size=\u00bb18px\u00bb text_line_height=\u00bb1.8em\u00bb locked=\u00bboff\u00bb]<\/p>\n<p>Tel:<strong> 305-374-3860<\/strong><br \/>Fax: 305-374-6495<\/p>\n<p><a href=\"mailto:barry@barrylieber.com\"><span>barry@barrylieber.com<\/span><\/a><\/p>\n<p>[\/et_pb_text][\/et_pb_column][et_pb_column type=\u00bb1_3&#8243; _builder_version=\u00bb3.25&#8243; custom_padding=\u00bb|||\u00bb custom_padding__hover=\u00bb|||\u00bb][et_pb_contact_form email=\u00bbbarry@barrylieber.com\u00bb success_message=\u00bbGracias por su correo electr\u00f3nico\u00bb submit_button_text=\u00bbEnviar\u00bb _builder_version=\u00bb4.9.3&#8243; _module_preset=\u00bbdefault\u00bb][et_pb_contact_field field_id=\u00bbContact_Name\u00bb field_title=\u00bbNombre de contacto\u00bb _builder_version=\u00bb4.6.3&#8243; button_text_size__hover_enabled=\u00bboff\u00bb button_one_text_size__hover_enabled=\u00bboff\u00bb button_two_text_size__hover_enabled=\u00bboff\u00bb button_text_color__hover_enabled=\u00bboff\u00bb button_one_text_color__hover_enabled=\u00bboff\u00bb button_two_text_color__hover_enabled=\u00bboff\u00bb button_border_width__hover_enabled=\u00bboff\u00bb button_one_border_width__hover_enabled=\u00bboff\u00bb button_two_border_width__hover_enabled=\u00bboff\u00bb button_border_color__hover_enabled=\u00bboff\u00bb button_one_border_color__hover_enabled=\u00bboff\u00bb button_two_border_color__hover_enabled=\u00bboff\u00bb button_border_radius__hover_enabled=\u00bboff\u00bb button_one_border_radius__hover_enabled=\u00bboff\u00bb button_two_border_radius__hover_enabled=\u00bboff\u00bb button_letter_spacing__hover_enabled=\u00bboff\u00bb button_one_letter_spacing__hover_enabled=\u00bboff\u00bb button_two_letter_spacing__hover_enabled=\u00bboff\u00bb button_bg_color__hover_enabled=\u00bboff\u00bb button_one_bg_color__hover_enabled=\u00bboff\u00bb button_two_bg_color__hover_enabled=\u00bboff\u00bb][\/et_pb_contact_field][et_pb_contact_field field_id=\u00bbEmail\u00bb field_title=\u00bbCorreo electr\u00f3nico\u00bb field_type=\u00bbemail\u00bb _builder_version=\u00bb4.9.3&#8243; button_text_size__hover_enabled=\u00bboff\u00bb button_one_text_size__hover_enabled=\u00bboff\u00bb button_two_text_size__hover_enabled=\u00bboff\u00bb button_text_color__hover_enabled=\u00bboff\u00bb button_one_text_color__hover_enabled=\u00bboff\u00bb button_two_text_color__hover_enabled=\u00bboff\u00bb button_border_width__hover_enabled=\u00bboff\u00bb button_one_border_width__hover_enabled=\u00bboff\u00bb button_two_border_width__hover_enabled=\u00bboff\u00bb button_border_color__hover_enabled=\u00bboff\u00bb button_one_border_color__hover_enabled=\u00bboff\u00bb button_two_border_color__hover_enabled=\u00bboff\u00bb button_border_radius__hover_enabled=\u00bboff\u00bb button_one_border_radius__hover_enabled=\u00bboff\u00bb button_two_border_radius__hover_enabled=\u00bboff\u00bb button_letter_spacing__hover_enabled=\u00bboff\u00bb button_one_letter_spacing__hover_enabled=\u00bboff\u00bb button_two_letter_spacing__hover_enabled=\u00bboff\u00bb button_bg_color__hover_enabled=\u00bboff\u00bb button_one_bg_color__hover_enabled=\u00bboff\u00bb button_two_bg_color__hover_enabled=\u00bboff\u00bb][\/et_pb_contact_field][et_pb_contact_field field_id=\u00bbPhone\u00bb field_title=\u00bbTel\u00e9fono \u00bb _builder_version=\u00bb4.6.3&#8243; button_text_size__hover_enabled=\u00bboff\u00bb button_one_text_size__hover_enabled=\u00bboff\u00bb button_two_text_size__hover_enabled=\u00bboff\u00bb button_text_color__hover_enabled=\u00bboff\u00bb button_one_text_color__hover_enabled=\u00bboff\u00bb button_two_text_color__hover_enabled=\u00bboff\u00bb button_border_width__hover_enabled=\u00bboff\u00bb button_one_border_width__hover_enabled=\u00bboff\u00bb button_two_border_width__hover_enabled=\u00bboff\u00bb button_border_color__hover_enabled=\u00bboff\u00bb button_one_border_color__hover_enabled=\u00bboff\u00bb button_two_border_color__hover_enabled=\u00bboff\u00bb button_border_radius__hover_enabled=\u00bboff\u00bb button_one_border_radius__hover_enabled=\u00bboff\u00bb button_two_border_radius__hover_enabled=\u00bboff\u00bb button_letter_spacing__hover_enabled=\u00bboff\u00bb button_one_letter_spacing__hover_enabled=\u00bboff\u00bb button_two_letter_spacing__hover_enabled=\u00bboff\u00bb button_bg_color__hover_enabled=\u00bboff\u00bb button_one_bg_color__hover_enabled=\u00bboff\u00bb button_two_bg_color__hover_enabled=\u00bboff\u00bb][\/et_pb_contact_field][et_pb_contact_field field_id=\u00bbMessage\u00bb field_title=\u00bbMensaje\u00bb field_type=\u00bbtext\u00bb fullwidth_field=\u00bbon\u00bb _builder_version=\u00bb3.16&#8243; button_text_size__hover_enabled=\u00bboff\u00bb button_one_text_size__hover_enabled=\u00bboff\u00bb button_two_text_size__hover_enabled=\u00bboff\u00bb button_text_color__hover_enabled=\u00bboff\u00bb button_one_text_color__hover_enabled=\u00bboff\u00bb button_two_text_color__hover_enabled=\u00bboff\u00bb button_border_width__hover_enabled=\u00bboff\u00bb button_one_border_width__hover_enabled=\u00bboff\u00bb button_two_border_width__hover_enabled=\u00bboff\u00bb button_border_color__hover_enabled=\u00bboff\u00bb button_one_border_color__hover_enabled=\u00bboff\u00bb button_two_border_color__hover_enabled=\u00bboff\u00bb button_border_radius__hover_enabled=\u00bboff\u00bb button_one_border_radius__hover_enabled=\u00bboff\u00bb button_two_border_radius__hover_enabled=\u00bboff\u00bb button_letter_spacing__hover_enabled=\u00bboff\u00bb button_one_letter_spacing__hover_enabled=\u00bboff\u00bb button_two_letter_spacing__hover_enabled=\u00bboff\u00bb button_bg_color__hover_enabled=\u00bboff\u00bb button_one_bg_color__hover_enabled=\u00bboff\u00bb button_two_bg_color__hover_enabled=\u00bboff\u00bb][\/et_pb_contact_field][\/et_pb_contact_form][\/et_pb_column][\/et_pb_row][\/et_pb_section][et_pb_section fb_built=\u00bb1&#8243; prev_background_color=\u00bb#ffffff\u00bb next_background_color=\u00bb#ffffff\u00bb admin_label=\u00bbCall To Action\u00bb _builder_version=\u00bb4.9.3&#8243; use_background_color_gradient=\u00bbon\u00bb background_color_gradient_start=\u00bb#e09900&#8243; background_color_gradient_end=\u00bbrgba(152,223,249,0.5)\u00bb background_color_gradient_direction=\u00bb148deg\u00bb background_color_gradient_start_position=\u00bb3%\u00bb background_color_gradient_overlays_image=\u00bbon\u00bb background_image=\u00bbhttps:\/\/barrylieber.com\/wp-content\/uploads\/2021\/04\/mia3.jpg\u00bb custom_margin=\u00bb|||\u00bb custom_padding=\u00bb5vw||5vw||true|false\u00bb top_divider_style=\u00bbmountains2&#8243; top_divider_height=\u00bb8vw\u00bb top_divider_repeat=\u00bb0.5x\u00bb top_divider_flip=\u00bbvertical\u00bb bottom_divider_style=\u00bbwave2&#8243; bottom_divider_height=\u00bb14%\u00bb bottom_divider_repeat=\u00bb0.5x\u00bb bottom_divider_flip=\u00bbhorizontal\u00bb locked=\u00bboff\u00bb][\/et_pb_section]<\/p>\n","protected":false},"excerpt":{"rendered":"<p>[et_pb_section fb_built=\u00bb1&#8243; next_background_color=\u00bb#ffffff\u00bb admin_label=\u00bbHero\u00bb _builder_version=\u00bb4.9.3&#8243; background_color=\u00bb#FFFFFF\u00bb background_color_gradient_direction=\u00bb70deg\u00bb background_enable_image=\u00bboff\u00bb width=\u00bb100%\u00bb max_width=\u00bb100%\u00bb module_alignment=\u00bbcenter\u00bb min_height=\u00bb960px\u00bb height=\u00bb886px\u00bb height_tablet=\u00bb\u00bb height_phone=\u00bb518px\u00bb height_last_edited=\u00bbon|desktop\u00bb max_height=\u00bb681px\u00bb custom_margin=\u00bb-3px||-285px||false|false\u00bb custom_padding=\u00bb0vw||26px||false|false\u00bb bottom_divider_style=\u00bbmountains2&#8243; bottom_divider_height=\u00bb20vw\u00bb bottom_divider_repeat=\u00bb0.5x\u00bb bottom_divider_flip=\u00bbhorizontal|vertical\u00bb background_last_edited=\u00bbon|phone\u00bb parallax_phone=\u00bboff\u00bb background_size_phone=\u00bbcover\u00bb][et_pb_row use_custom_gutter=\u00bbon\u00bb gutter_width=\u00bb4&#8243; make_equal=\u00bbon\u00bb _builder_version=\u00bb4.6.3&#8243; _module_preset=\u00bbdefault\u00bb width=\u00bb100%\u00bb max_width=\u00bb2560px\u00bb module_alignment=\u00bbcenter\u00bb custom_margin=\u00bb|auto|-40px|auto||\u00bb][et_pb_column type=\u00bb4_4&#8243; _builder_version=\u00bb4.6.3&#8243; _module_preset=\u00bbdefault\u00bb][et_pb_slider arrows_custom_color=\u00bb#0C71C3&#8243; dot_nav_custom_color=\u00bb#0C71C3&#8243; _builder_version=\u00bb4.9.3&#8243; _module_preset=\u00bbdefault\u00bb width=\u00bb100%\u00bb module_alignment=\u00bbcenter\u00bb min_height=\u00bb528px\u00bb custom_margin=\u00bb-33px|||||\u00bb custom_padding=\u00bb||39px|||\u00bb auto=\u00bbon\u00bb auto_ignore_hover=\u00bbon\u00bb hover_transition_duration=\u00bb400ms\u00bb hover_transition_delay=\u00bb150ms\u00bb hover_enabled=\u00bb0&#8243; module_alignment_tablet=\u00bb\u00bb module_alignment_phone=\u00bb\u00bb module_alignment_last_edited=\u00bbon|phone\u00bb [&hellip;]<\/p>\n","protected":false},"author":2,"featured_media":0,"parent":0,"menu_order":0,"comment_status":"closed","ping_status":"closed","template":"","meta":{"_et_pb_use_builder":"on","_et_pb_old_content":"","_et_gb_content_width":""},"_links":{"self":[{"href":"https:\/\/barrylieber.com\/es\/wp-json\/wp\/v2\/pages\/564"}],"collection":[{"href":"https:\/\/barrylieber.com\/es\/wp-json\/wp\/v2\/pages"}],"about":[{"href":"https:\/\/barrylieber.com\/es\/wp-json\/wp\/v2\/types\/page"}],"author":[{"embeddable":true,"href":"https:\/\/barrylieber.com\/es\/wp-json\/wp\/v2\/users\/2"}],"replies":[{"embeddable":true,"href":"https:\/\/barrylieber.com\/es\/wp-json\/wp\/v2\/comments?post=564"}],"version-history":[{"count":11,"href":"https:\/\/barrylieber.com\/es\/wp-json\/wp\/v2\/pages\/564\/revisions"}],"predecessor-version":[{"id":575,"href":"https:\/\/barrylieber.com\/es\/wp-json\/wp\/v2\/pages\/564\/revisions\/575"}],"wp:attachment":[{"href":"https:\/\/barrylieber.com\/es\/wp-json\/wp\/v2\/media?parent=564"}],"curies":[{"name":"wp","href":"https:\/\/api.w.org\/{rel}","templated":true}]}}