{"id":601,"date":"2021-04-20T15:14:36","date_gmt":"2021-04-20T19:14:36","guid":{"rendered":"https:\/\/barrylieber.com\/visas-de-visitante-de-intercambio-j\/"},"modified":"2021-04-20T15:14:40","modified_gmt":"2021-04-20T19:14:40","slug":"visas-de-visitante-de-intercambio-j","status":"publish","type":"page","link":"https:\/\/barrylieber.com\/es\/visas-de-visitante-de-intercambio-j\/","title":{"rendered":"VISAS DE VISITANTE DE INTERCAMBIO J"},"content":{"rendered":"<p>[et_pb_section fb_built=\u00bb1&#8243; next_background_color=\u00bb#ffffff\u00bb admin_label=\u00bbHero\u00bb _builder_version=\u00bb4.9.3&#8243; background_color=\u00bb#FFFFFF\u00bb background_color_gradient_direction=\u00bb70deg\u00bb background_enable_image=\u00bboff\u00bb width=\u00bb100%\u00bb max_width=\u00bb100%\u00bb module_alignment=\u00bbcenter\u00bb min_height=\u00bb960px\u00bb height=\u00bb886px\u00bb height_tablet=\u00bb\u00bb height_phone=\u00bb518px\u00bb height_last_edited=\u00bbon|desktop\u00bb max_height=\u00bb681px\u00bb custom_margin=\u00bb-3px||-285px||false|false\u00bb custom_padding=\u00bb0vw||26px||false|false\u00bb bottom_divider_style=\u00bbmountains2&#8243; bottom_divider_height=\u00bb20vw\u00bb bottom_divider_repeat=\u00bb0.5x\u00bb bottom_divider_flip=\u00bbhorizontal|vertical\u00bb background_last_edited=\u00bbon|phone\u00bb parallax_phone=\u00bboff\u00bb background_size_phone=\u00bbcover\u00bb][et_pb_row use_custom_gutter=\u00bbon\u00bb gutter_width=\u00bb4&#8243; make_equal=\u00bbon\u00bb _builder_version=\u00bb4.6.3&#8243; _module_preset=\u00bbdefault\u00bb width=\u00bb100%\u00bb max_width=\u00bb2560px\u00bb module_alignment=\u00bbcenter\u00bb custom_margin=\u00bb|auto|-40px|auto||\u00bb][et_pb_column type=\u00bb4_4&#8243; _builder_version=\u00bb4.6.3&#8243; _module_preset=\u00bbdefault\u00bb][et_pb_slider arrows_custom_color=\u00bb#0C71C3&#8243; dot_nav_custom_color=\u00bb#0C71C3&#8243; _builder_version=\u00bb4.9.3&#8243; _module_preset=\u00bbdefault\u00bb width=\u00bb100%\u00bb module_alignment=\u00bbcenter\u00bb min_height=\u00bb528px\u00bb custom_margin=\u00bb-33px|||||\u00bb custom_padding=\u00bb||39px|||\u00bb auto=\u00bbon\u00bb auto_ignore_hover=\u00bbon\u00bb hover_transition_duration=\u00bb400ms\u00bb hover_transition_delay=\u00bb150ms\u00bb hover_enabled=\u00bb0&#8243; module_alignment_tablet=\u00bb\u00bb module_alignment_phone=\u00bb\u00bb module_alignment_last_edited=\u00bbon|phone\u00bb box_shadow_style=\u00bbpreset1&#8243; box_shadow_blur=\u00bb26px\u00bb box_shadow_color=\u00bb#000000&#8243; sticky_enabled=\u00bb0&#8243;][et_pb_slide _builder_version=\u00bb4.9.3&#8243; _module_preset=\u00bbdefault\u00bb header_level=\u00bbh2&#8243; header_font=\u00bb|600|||||||\u00bb header_text_color=\u00bb#FFFFFF\u00bb header_font_size=\u00bb54px\u00bb body_font=\u00bbRaleway|500|||||||\u00bb body_text_color=\u00bb#000000&#8243; body_font_size=\u00bb27px\u00bb body_line_height=\u00bb1.4em\u00bb background_enable_color=\u00bboff\u00bb background_image=\u00bbhttps:\/\/barrylieber.com\/wp-content\/uploads\/2021\/04\/s-visa1.jpg\u00bb background_enable_image=\u00bbon\u00bb button_alignment=\u00bbcenter\u00bb text_orientation=\u00bbcenter\u00bb width=\u00bb100%\u00bb max_width=\u00bb94%\u00bb custom_padding=\u00bb234px||||false|false\u00bb custom_padding_tablet=\u00bb106px||||false|false\u00bb custom_padding_phone=\u00bb55px||||false|false\u00bb custom_padding_last_edited=\u00bbon|desktop\u00bb link_option_url=\u00bb#\u00bb hover_enabled=\u00bb0&#8243; header_font_size_tablet=\u00bb45px\u00bb header_font_size_phone=\u00bb26px\u00bb header_font_size_last_edited=\u00bbon|phone\u00bb body_font_size_tablet=\u00bb20px\u00bb body_font_size_phone=\u00bb12px\u00bb body_font_size_last_edited=\u00bbon|phone\u00bb body_line_height_tablet=\u00bb\u00bb body_line_height_phone=\u00bb\u00bb body_line_height_last_edited=\u00bbon|phone\u00bb sticky_transition=\u00bbon\u00bb title_text=\u00bbs-visa1&#8243; sticky_enabled=\u00bb0&#8243;][\/et_pb_slide][\/et_pb_slider][\/et_pb_column][\/et_pb_row][\/et_pb_section][et_pb_section fb_built=\u00bb1&#8243; custom_padding_last_edited=\u00bboff|desktop\u00bb admin_label=\u00bbServices\u00bb _builder_version=\u00bb3.22&#8243; custom_margin=\u00bb-63px|||||\u00bb custom_padding=\u00bb21px||21px|||\u00bb][et_pb_row admin_label=\u00bb\u00c1rea de contenido\u00bb _builder_version=\u00bb3.25&#8243; custom_margin=\u00bb-143px|auto||auto||\u00bb][et_pb_column type=\u00bb4_4&#8243; _builder_version=\u00bb3.25&#8243; custom_padding=\u00bb|||\u00bb custom_padding__hover=\u00bb|||\u00bb][et_pb_text _builder_version=\u00bb4.9.3&#8243; _module_preset=\u00bbdefault\u00bb text_font=\u00bbRaleway|600|||||||\u00bb text_text_color=\u00bb#000000&#8243; text_font_size=\u00bb47px\u00bb text_line_height=\u00bb1.8em\u00bb custom_margin=\u00bb-5px||55px||false|false\u00bb custom_padding=\u00bb||0px|||\u00bb text_font_size_tablet=\u00bb\u00bb text_font_size_phone=\u00bb24px\u00bb text_font_size_last_edited=\u00bbon|phone\u00bb locked=\u00bboff\u00bb]<\/p>\n<h1 style=\"text-align: center\">VISAS DE VISITANTE DE INTERCAMBIO J-1<\/h1>\n<h2 style=\"text-align: center\"><strong> <\/strong><\/h2>\n<p>[\/et_pb_text][et_pb_text _builder_version=\u00bb4.9.3&#8243; _module_preset=\u00bbdefault\u00bb text_font_size=\u00bb19px\u00bb]<\/p>\n<p>La categor\u00eda de visa de no inmigrante de visitante de intercambio (J) se proporciona a las personas que est\u00e1n aprobadas para participar en programas de visitantes de intercambio en los EE. UU., Seg\u00fan las disposiciones de la ley de inmigraci\u00f3n de EE. UU. Esto significa que antes de poder solicitar una visa J en una embajada o consulado de los Estados Unidos, primero debe solicitar, cumplir con los requisitos y ser aceptado en una de las categor\u00edas del Programa de visitantes de intercambio a trav\u00e9s de una organizaci\u00f3n patrocinadora designada. Estas organizaciones a veces se denominan \u00abpatrocinadores de programas\u00bb.<\/p>\n<p>Si es aceptado como participante en un programa de intercambio, el patrocinador del programa le proporcionar\u00e1 la informaci\u00f3n y los documentos necesarios para solicitar la visa J para ingresar a los EE. UU.<\/p>\n<div>\n<p><strong> <\/strong><\/p>\n<p><strong>\u00bfCu\u00e1ndo se puede utilizar una visa de visitante en lugar de una visa de visitante de intercambio?<\/strong><\/p>\n<\/div>\n<p><strong>En determinadas circunstancias, algunas actividades que se realizan con visas de visitante de intercambio tambi\u00e9n se permiten con visas de negocios (B-1) o de turismo (B-2). Con una visa de visitante se permiten per\u00edodos cortos de estudio, o estudios que sean recreativos y no vocacionales, e incidentales al viaje.<\/strong> El factor determinante es el prop\u00f3sito principal del viajero al venir a los Estados Unidos. Cualquier tipo de estudio por el que obtenga cr\u00e9dito o certificaci\u00f3n no est\u00e1 permitido en una visa de visitante. Por ejemplo, si se va de vacaciones a los EE. UU. Y durante estas vacaciones le gustar\u00eda tomar una clase de cocina de dos d\u00edas para su disfrute, y no hay un cr\u00e9dito academico ganado, entonces esto estar\u00eda permitido con una visa de visitante. Un oficial consular determinar\u00e1 la categor\u00eda de visa que necesitar\u00e1 seg\u00fan el prop\u00f3sito de su viaje y su documentaci\u00f3n de respaldo.<\/p>\n<div>\n<p><strong>Los visitantes de intercambio no pueden viajar con el programa de exenci\u00f3n de visa<\/strong><\/p>\n<\/div>\n<p>Los ciudadanos de un pa\u00eds que participe en el Programa de exenci\u00f3n de visa (VWP) que deseen ingresar a los EE. UU. Temporalmente como visitantes de intercambio, primero deben obtener una visa de visitante de intercambio. Los participantes del programa de visitantes de intercambio no pueden viajar con el VWP, ni pueden viajar con una visa de visitante (B). A los viajeros que ingresen en el VWP para participar en un programa de intercambio se les puede negar la admisi\u00f3n a los EE. UU. Por parte del Departamento de Seguridad Nacional (DHS), inspector de inmigraci\u00f3n de EE. UU. En el puerto de entrada.<\/p>\n<div>\n<p><strong>\u00bfQu\u00e9 es SEVIS y SEVP? \u00bfQu\u00e9 debe saber al respecto?<\/strong><\/p>\n<\/div>\n<p>La SEVP supervisa los programas escolares y de intercambio y los visitantes de las categor\u00edas F, M y J. El Sistema de Informaci\u00f3n para Estudiantes y Visitantes de Intercambio (SEVIS) es un sistema basado en Internet que mantiene informaci\u00f3n precisa y actualizada sobre estudiantes no inmigrantes (visas F y M), visitantes de intercambio (visas J) y sus dependientes (F-2, M-2). y J-2). SEVIS permite que las escuelas y los patrocinadores del programa transmitan informaci\u00f3n obligatoria y notificaciones de eventos a trav\u00e9s de Internet, al DHS y al DOS durante la estad\u00eda de un estudiante o visitante de intercambio en los EE. UU.<\/p>\n<p><strong>Todos los solicitantes de visitantes de intercambio deben tener un DS-2019 generado por SEVIS emitido por un patrocinador designado por DOS, que env\u00edan cuando solicitan su visa de visitante de intercambio.<\/strong> El oficial consular verifica el registro DS-2019 electr\u00f3nicamente a trav\u00e9s del sistema SEVIS para procesar su solicitud de visa de visitante de intercambio hasta su conclusi\u00f3n. A menos que est\u00e9n exentos de otra manera, los solicitantes de visitantes de intercambio deben pagar una tarifa SEVIS I-901 al DHS por cada programa individual.<\/p>\n<div>\n<p><strong>Calificar para una visa de visitante de intercambio<\/strong><\/p>\n<\/div>\n<p>Los solicitantes de visitantes de intercambio deben cumplir con requisitos espec\u00edficos para calificar para una visa de visitante de intercambio (J) seg\u00fan la ley de inmigraci\u00f3n. El oficial consular determinar\u00e1 si califica para la visa. Adem\u00e1s, los solicitantes deben demostrar que cumplen adecuadamente con los requisitos, incluidos los siguientes:<\/p>\n<ul>\n<li style=\"list-style-type: none\">\n<ul>\n<li>Que planean permanecer en los EE. UU. Por un per\u00edodo temporal, espec\u00edfico y limitado;<\/li>\n<li>Evidencia de fondos para cubrir gastos en los EE. UU.;<\/li>\n<li>Evidencia de lazos sociales y econ\u00f3micos apremiantes en el extranjero; y otros lazos vinculantes que aseguren su regreso al exterior al final de la visita.<\/li>\n<\/ul>\n<\/li>\n<\/ul>\n<div>\n<p><strong>Solicitar una visa de visitante de intercambio<\/strong><\/p>\n<\/div>\n<p>Los solicitantes de visa deben solicitarla en la Embajada o Consulado de los Estados Unidos, generalmente en su pa\u00eds de residencia permanente. Como parte del proceso de solicitud de visa, se requiere una entrevista en la Embajada o el Consulado de los Estados Unidos para los solicitantes de visa de entre 14 y 79 a\u00f1os.<\/p>\n<p>[\/et_pb_text][\/et_pb_column][\/et_pb_row][et_pb_row _builder_version=\u00bb4.9.3&#8243; _module_preset=\u00bbdefault\u00bb custom_padding=\u00bb||44px|||\u00bb][et_pb_column type=\u00bb4_4&#8243; _builder_version=\u00bb4.9.3&#8243; _module_preset=\u00bbdefault\u00bb][et_pb_button button_url=\u00bbhttps:\/\/barrylieber.com\/es\/temas-de-inmigracion\/\u00bb button_text=\u00bbVolver a Temas de inmigraci\u00f3n\u00bb button_alignment=\u00bbcenter\u00bb _builder_version=\u00bb4.9.3&#8243; _module_preset=\u00bbdefault\u00bb][\/et_pb_button][\/et_pb_column][\/et_pb_row][\/et_pb_section][et_pb_section fb_built=\u00bb1&#8243; _builder_version=\u00bb3.22&#8243; custom_margin=\u00bb18px|||||\u00bb custom_padding=\u00bb11px|||||\u00bb][et_pb_row column_structure=\u00bb2_3,1_3&#8243; _builder_version=\u00bb3.25&#8243; custom_padding=\u00bb7px|0px|0|0px|false|false\u00bb][et_pb_column type=\u00bb2_3&#8243; _builder_version=\u00bb3.25&#8243; custom_padding=\u00bb|||\u00bb custom_padding__hover=\u00bb|||\u00bb][et_pb_text _builder_version=\u00bb4.9.3&#8243; _module_preset=\u00bbdefault\u00bb text_font=\u00bbRaleway|600|||||||\u00bb text_text_color=\u00bb#000000&#8243; text_font_size=\u00bb47px\u00bb text_font_size_tablet=\u00bb\u00bb text_font_size_phone=\u00bb24px\u00bb text_font_size_last_edited=\u00bbon|phone\u00bb]<\/p>\n<p>Cont\u00e1ctenos:<\/p>\n<p>[\/et_pb_text][et_pb_text _builder_version=\u00bb4.9.3&#8243; text_font=\u00bbOpen Sans||||||||\u00bb text_font_size=\u00bb18px\u00bb text_line_height=\u00bb1.8em\u00bb locked=\u00bboff\u00bb]<\/p>\n<p>Tel:<strong> 305-374-3860<\/strong><br \/>Fax: 305-374-6495<\/p>\n<p><a href=\"mailto:barry@barrylieber.com\"><span>barry@barrylieber.com<\/span><\/a><\/p>\n<p>[\/et_pb_text][\/et_pb_column][et_pb_column type=\u00bb1_3&#8243; _builder_version=\u00bb3.25&#8243; custom_padding=\u00bb|||\u00bb custom_padding__hover=\u00bb|||\u00bb][et_pb_contact_form email=\u00bbbarry@barrylieber.com\u00bb success_message=\u00bbGracias por su correo electr\u00f3nico\u00bb submit_button_text=\u00bbEnviar\u00bb _builder_version=\u00bb4.9.3&#8243; _module_preset=\u00bbdefault\u00bb][et_pb_contact_field field_id=\u00bbContact_Name\u00bb field_title=\u00bbNombre de contacto\u00bb _builder_version=\u00bb4.6.3&#8243; button_text_size__hover_enabled=\u00bboff\u00bb button_one_text_size__hover_enabled=\u00bboff\u00bb button_two_text_size__hover_enabled=\u00bboff\u00bb button_text_color__hover_enabled=\u00bboff\u00bb button_one_text_color__hover_enabled=\u00bboff\u00bb button_two_text_color__hover_enabled=\u00bboff\u00bb button_border_width__hover_enabled=\u00bboff\u00bb button_one_border_width__hover_enabled=\u00bboff\u00bb button_two_border_width__hover_enabled=\u00bboff\u00bb button_border_color__hover_enabled=\u00bboff\u00bb button_one_border_color__hover_enabled=\u00bboff\u00bb button_two_border_color__hover_enabled=\u00bboff\u00bb button_border_radius__hover_enabled=\u00bboff\u00bb button_one_border_radius__hover_enabled=\u00bboff\u00bb button_two_border_radius__hover_enabled=\u00bboff\u00bb button_letter_spacing__hover_enabled=\u00bboff\u00bb button_one_letter_spacing__hover_enabled=\u00bboff\u00bb button_two_letter_spacing__hover_enabled=\u00bboff\u00bb button_bg_color__hover_enabled=\u00bboff\u00bb button_one_bg_color__hover_enabled=\u00bboff\u00bb button_two_bg_color__hover_enabled=\u00bboff\u00bb][\/et_pb_contact_field][et_pb_contact_field field_id=\u00bbEmail\u00bb field_title=\u00bbCorreo electr\u00f3nico\u00bb field_type=\u00bbemail\u00bb _builder_version=\u00bb4.9.3&#8243; button_text_size__hover_enabled=\u00bboff\u00bb button_one_text_size__hover_enabled=\u00bboff\u00bb button_two_text_size__hover_enabled=\u00bboff\u00bb button_text_color__hover_enabled=\u00bboff\u00bb button_one_text_color__hover_enabled=\u00bboff\u00bb button_two_text_color__hover_enabled=\u00bboff\u00bb button_border_width__hover_enabled=\u00bboff\u00bb button_one_border_width__hover_enabled=\u00bboff\u00bb button_two_border_width__hover_enabled=\u00bboff\u00bb button_border_color__hover_enabled=\u00bboff\u00bb button_one_border_color__hover_enabled=\u00bboff\u00bb button_two_border_color__hover_enabled=\u00bboff\u00bb button_border_radius__hover_enabled=\u00bboff\u00bb button_one_border_radius__hover_enabled=\u00bboff\u00bb button_two_border_radius__hover_enabled=\u00bboff\u00bb button_letter_spacing__hover_enabled=\u00bboff\u00bb button_one_letter_spacing__hover_enabled=\u00bboff\u00bb button_two_letter_spacing__hover_enabled=\u00bboff\u00bb button_bg_color__hover_enabled=\u00bboff\u00bb button_one_bg_color__hover_enabled=\u00bboff\u00bb button_two_bg_color__hover_enabled=\u00bboff\u00bb][\/et_pb_contact_field][et_pb_contact_field field_id=\u00bbPhone\u00bb field_title=\u00bbTel\u00e9fono \u00bb _builder_version=\u00bb4.6.3&#8243; button_text_size__hover_enabled=\u00bboff\u00bb button_one_text_size__hover_enabled=\u00bboff\u00bb button_two_text_size__hover_enabled=\u00bboff\u00bb button_text_color__hover_enabled=\u00bboff\u00bb button_one_text_color__hover_enabled=\u00bboff\u00bb button_two_text_color__hover_enabled=\u00bboff\u00bb button_border_width__hover_enabled=\u00bboff\u00bb button_one_border_width__hover_enabled=\u00bboff\u00bb button_two_border_width__hover_enabled=\u00bboff\u00bb button_border_color__hover_enabled=\u00bboff\u00bb button_one_border_color__hover_enabled=\u00bboff\u00bb button_two_border_color__hover_enabled=\u00bboff\u00bb button_border_radius__hover_enabled=\u00bboff\u00bb button_one_border_radius__hover_enabled=\u00bboff\u00bb button_two_border_radius__hover_enabled=\u00bboff\u00bb button_letter_spacing__hover_enabled=\u00bboff\u00bb button_one_letter_spacing__hover_enabled=\u00bboff\u00bb button_two_letter_spacing__hover_enabled=\u00bboff\u00bb button_bg_color__hover_enabled=\u00bboff\u00bb button_one_bg_color__hover_enabled=\u00bboff\u00bb button_two_bg_color__hover_enabled=\u00bboff\u00bb][\/et_pb_contact_field][et_pb_contact_field field_id=\u00bbMessage\u00bb field_title=\u00bbMensaje\u00bb field_type=\u00bbtext\u00bb fullwidth_field=\u00bbon\u00bb _builder_version=\u00bb3.16&#8243; button_text_size__hover_enabled=\u00bboff\u00bb button_one_text_size__hover_enabled=\u00bboff\u00bb button_two_text_size__hover_enabled=\u00bboff\u00bb button_text_color__hover_enabled=\u00bboff\u00bb button_one_text_color__hover_enabled=\u00bboff\u00bb button_two_text_color__hover_enabled=\u00bboff\u00bb button_border_width__hover_enabled=\u00bboff\u00bb button_one_border_width__hover_enabled=\u00bboff\u00bb button_two_border_width__hover_enabled=\u00bboff\u00bb button_border_color__hover_enabled=\u00bboff\u00bb button_one_border_color__hover_enabled=\u00bboff\u00bb button_two_border_color__hover_enabled=\u00bboff\u00bb button_border_radius__hover_enabled=\u00bboff\u00bb button_one_border_radius__hover_enabled=\u00bboff\u00bb button_two_border_radius__hover_enabled=\u00bboff\u00bb button_letter_spacing__hover_enabled=\u00bboff\u00bb button_one_letter_spacing__hover_enabled=\u00bboff\u00bb button_two_letter_spacing__hover_enabled=\u00bboff\u00bb button_bg_color__hover_enabled=\u00bboff\u00bb button_one_bg_color__hover_enabled=\u00bboff\u00bb button_two_bg_color__hover_enabled=\u00bboff\u00bb][\/et_pb_contact_field][\/et_pb_contact_form][\/et_pb_column][\/et_pb_row][\/et_pb_section][et_pb_section fb_built=\u00bb1&#8243; prev_background_color=\u00bb#ffffff\u00bb next_background_color=\u00bb#ffffff\u00bb admin_label=\u00bbCall To Action\u00bb _builder_version=\u00bb4.9.3&#8243; use_background_color_gradient=\u00bbon\u00bb background_color_gradient_start=\u00bb#e09900&#8243; background_color_gradient_end=\u00bbrgba(152,223,249,0.5)\u00bb background_color_gradient_direction=\u00bb148deg\u00bb background_color_gradient_start_position=\u00bb3%\u00bb background_color_gradient_overlays_image=\u00bbon\u00bb background_image=\u00bbhttps:\/\/barrylieber.com\/wp-content\/uploads\/2021\/04\/mia3.jpg\u00bb custom_margin=\u00bb|||\u00bb custom_padding=\u00bb5vw||5vw||true|false\u00bb top_divider_style=\u00bbmountains2&#8243; top_divider_height=\u00bb8vw\u00bb top_divider_repeat=\u00bb0.5x\u00bb top_divider_flip=\u00bbvertical\u00bb bottom_divider_style=\u00bbwave2&#8243; bottom_divider_height=\u00bb14%\u00bb bottom_divider_repeat=\u00bb0.5x\u00bb bottom_divider_flip=\u00bbhorizontal\u00bb locked=\u00bboff\u00bb][\/et_pb_section]<\/p>\n","protected":false},"excerpt":{"rendered":"<p>[et_pb_section fb_built=\u00bb1&#8243; next_background_color=\u00bb#ffffff\u00bb admin_label=\u00bbHero\u00bb _builder_version=\u00bb4.9.3&#8243; background_color=\u00bb#FFFFFF\u00bb background_color_gradient_direction=\u00bb70deg\u00bb background_enable_image=\u00bboff\u00bb width=\u00bb100%\u00bb max_width=\u00bb100%\u00bb module_alignment=\u00bbcenter\u00bb min_height=\u00bb960px\u00bb height=\u00bb886px\u00bb height_tablet=\u00bb\u00bb height_phone=\u00bb518px\u00bb height_last_edited=\u00bbon|desktop\u00bb max_height=\u00bb681px\u00bb custom_margin=\u00bb-3px||-285px||false|false\u00bb custom_padding=\u00bb0vw||26px||false|false\u00bb bottom_divider_style=\u00bbmountains2&#8243; bottom_divider_height=\u00bb20vw\u00bb bottom_divider_repeat=\u00bb0.5x\u00bb bottom_divider_flip=\u00bbhorizontal|vertical\u00bb background_last_edited=\u00bbon|phone\u00bb parallax_phone=\u00bboff\u00bb background_size_phone=\u00bbcover\u00bb][et_pb_row use_custom_gutter=\u00bbon\u00bb gutter_width=\u00bb4&#8243; make_equal=\u00bbon\u00bb _builder_version=\u00bb4.6.3&#8243; _module_preset=\u00bbdefault\u00bb width=\u00bb100%\u00bb max_width=\u00bb2560px\u00bb module_alignment=\u00bbcenter\u00bb custom_margin=\u00bb|auto|-40px|auto||\u00bb][et_pb_column type=\u00bb4_4&#8243; _builder_version=\u00bb4.6.3&#8243; _module_preset=\u00bbdefault\u00bb][et_pb_slider arrows_custom_color=\u00bb#0C71C3&#8243; dot_nav_custom_color=\u00bb#0C71C3&#8243; _builder_version=\u00bb4.9.3&#8243; _module_preset=\u00bbdefault\u00bb width=\u00bb100%\u00bb module_alignment=\u00bbcenter\u00bb min_height=\u00bb528px\u00bb custom_margin=\u00bb-33px|||||\u00bb custom_padding=\u00bb||39px|||\u00bb auto=\u00bbon\u00bb auto_ignore_hover=\u00bbon\u00bb hover_transition_duration=\u00bb400ms\u00bb hover_transition_delay=\u00bb150ms\u00bb hover_enabled=\u00bb0&#8243; module_alignment_tablet=\u00bb\u00bb module_alignment_phone=\u00bb\u00bb module_alignment_last_edited=\u00bbon|phone\u00bb [&hellip;]<\/p>\n","protected":false},"author":2,"featured_media":0,"parent":0,"menu_order":0,"comment_status":"closed","ping_status":"closed","template":"","meta":{"_et_pb_use_builder":"on","_et_pb_old_content":"","_et_gb_content_width":""},"_links":{"self":[{"href":"https:\/\/barrylieber.com\/es\/wp-json\/wp\/v2\/pages\/601"}],"collection":[{"href":"https:\/\/barrylieber.com\/es\/wp-json\/wp\/v2\/pages"}],"about":[{"href":"https:\/\/barrylieber.com\/es\/wp-json\/wp\/v2\/types\/page"}],"author":[{"embeddable":true,"href":"https:\/\/barrylieber.com\/es\/wp-json\/wp\/v2\/users\/2"}],"replies":[{"embeddable":true,"href":"https:\/\/barrylieber.com\/es\/wp-json\/wp\/v2\/comments?post=601"}],"version-history":[{"count":3,"href":"https:\/\/barrylieber.com\/es\/wp-json\/wp\/v2\/pages\/601\/revisions"}],"predecessor-version":[{"id":604,"href":"https:\/\/barrylieber.com\/es\/wp-json\/wp\/v2\/pages\/601\/revisions\/604"}],"wp:attachment":[{"href":"https:\/\/barrylieber.com\/es\/wp-json\/wp\/v2\/media?parent=601"}],"curies":[{"name":"wp","href":"https:\/\/api.w.org\/{rel}","templated":true}]}}