{"id":605,"date":"2021-04-20T15:17:19","date_gmt":"2021-04-20T19:17:19","guid":{"rendered":"https:\/\/barrylieber.com\/como-traigo-a-un-hermano-a-vivir-en-los-estados-unidos\/"},"modified":"2021-04-20T15:17:44","modified_gmt":"2021-04-20T19:17:44","slug":"como-traigo-a-un-hermano-a-vivir-en-los-estados-unidos","status":"publish","type":"page","link":"https:\/\/barrylieber.com\/es\/como-traigo-a-un-hermano-a-vivir-en-los-estados-unidos\/","title":{"rendered":"\u00bfC\u00f3mo traigo a un hermano a vivir en los Estados Unidos?"},"content":{"rendered":"<p>[et_pb_section fb_built=\u00bb1&#8243; next_background_color=\u00bb#ffffff\u00bb admin_label=\u00bbHero\u00bb _builder_version=\u00bb4.9.3&#8243; background_color=\u00bb#FFFFFF\u00bb background_color_gradient_direction=\u00bb70deg\u00bb background_enable_image=\u00bboff\u00bb width=\u00bb100%\u00bb max_width=\u00bb100%\u00bb module_alignment=\u00bbcenter\u00bb min_height=\u00bb960px\u00bb height=\u00bb886px\u00bb height_tablet=\u00bb\u00bb height_phone=\u00bb518px\u00bb height_last_edited=\u00bbon|desktop\u00bb max_height=\u00bb681px\u00bb custom_margin=\u00bb-3px||-285px||false|false\u00bb custom_padding=\u00bb0vw||26px||false|false\u00bb bottom_divider_style=\u00bbmountains2&#8243; bottom_divider_height=\u00bb20vw\u00bb bottom_divider_repeat=\u00bb0.5x\u00bb bottom_divider_flip=\u00bbhorizontal|vertical\u00bb background_last_edited=\u00bbon|phone\u00bb parallax_phone=\u00bboff\u00bb background_size_phone=\u00bbcover\u00bb][et_pb_row use_custom_gutter=\u00bbon\u00bb gutter_width=\u00bb4&#8243; make_equal=\u00bbon\u00bb _builder_version=\u00bb4.6.3&#8243; _module_preset=\u00bbdefault\u00bb width=\u00bb100%\u00bb max_width=\u00bb2560px\u00bb module_alignment=\u00bbcenter\u00bb custom_margin=\u00bb|auto|-40px|auto||\u00bb][et_pb_column type=\u00bb4_4&#8243; _builder_version=\u00bb4.6.3&#8243; _module_preset=\u00bbdefault\u00bb][et_pb_slider arrows_custom_color=\u00bb#0C71C3&#8243; dot_nav_custom_color=\u00bb#0C71C3&#8243; _builder_version=\u00bb4.9.3&#8243; _module_preset=\u00bbdefault\u00bb width=\u00bb100%\u00bb module_alignment=\u00bbcenter\u00bb min_height=\u00bb528px\u00bb custom_margin=\u00bb-33px|||||\u00bb custom_padding=\u00bb||39px|||\u00bb auto=\u00bbon\u00bb auto_ignore_hover=\u00bbon\u00bb hover_transition_duration=\u00bb400ms\u00bb hover_transition_delay=\u00bb150ms\u00bb hover_enabled=\u00bb0&#8243; module_alignment_tablet=\u00bb\u00bb module_alignment_phone=\u00bb\u00bb module_alignment_last_edited=\u00bbon|phone\u00bb box_shadow_style=\u00bbpreset1&#8243; box_shadow_blur=\u00bb26px\u00bb box_shadow_color=\u00bb#000000&#8243; sticky_enabled=\u00bb0&#8243;][et_pb_slide _builder_version=\u00bb4.9.3&#8243; _module_preset=\u00bbdefault\u00bb header_level=\u00bbh2&#8243; header_font=\u00bb|600|||||||\u00bb header_text_color=\u00bb#FFFFFF\u00bb header_font_size=\u00bb54px\u00bb body_font=\u00bbRaleway|500|||||||\u00bb body_text_color=\u00bb#000000&#8243; body_font_size=\u00bb27px\u00bb body_line_height=\u00bb1.4em\u00bb background_enable_color=\u00bboff\u00bb background_image=\u00bbhttps:\/\/barrylieber.com\/wp-content\/uploads\/2021\/04\/bro.jpg\u00bb background_enable_image=\u00bbon\u00bb button_alignment=\u00bbcenter\u00bb text_orientation=\u00bbcenter\u00bb width=\u00bb100%\u00bb max_width=\u00bb94%\u00bb custom_padding=\u00bb234px||||false|false\u00bb custom_padding_tablet=\u00bb106px||||false|false\u00bb custom_padding_phone=\u00bb55px||||false|false\u00bb custom_padding_last_edited=\u00bbon|desktop\u00bb link_option_url=\u00bb#\u00bb hover_enabled=\u00bb0&#8243; header_font_size_tablet=\u00bb45px\u00bb header_font_size_phone=\u00bb26px\u00bb header_font_size_last_edited=\u00bbon|phone\u00bb body_font_size_tablet=\u00bb20px\u00bb body_font_size_phone=\u00bb12px\u00bb body_font_size_last_edited=\u00bbon|phone\u00bb body_line_height_tablet=\u00bb\u00bb body_line_height_phone=\u00bb\u00bb body_line_height_last_edited=\u00bbon|phone\u00bb sticky_transition=\u00bbon\u00bb sticky_enabled=\u00bb0&#8243; title_text=\u00bbbro\u00bb][\/et_pb_slide][\/et_pb_slider][\/et_pb_column][\/et_pb_row][\/et_pb_section][et_pb_section fb_built=\u00bb1&#8243; custom_padding_last_edited=\u00bboff|desktop\u00bb admin_label=\u00bbServices\u00bb _builder_version=\u00bb3.22&#8243; custom_margin=\u00bb-63px|||||\u00bb custom_padding=\u00bb21px||21px|||\u00bb][et_pb_row admin_label=\u00bb\u00c1rea de contenido\u00bb _builder_version=\u00bb3.25&#8243; custom_margin=\u00bb-143px|auto||auto||\u00bb][et_pb_column type=\u00bb4_4&#8243; _builder_version=\u00bb3.25&#8243; custom_padding=\u00bb|||\u00bb custom_padding__hover=\u00bb|||\u00bb][et_pb_text _builder_version=\u00bb4.9.3&#8243; _module_preset=\u00bbdefault\u00bb text_font=\u00bbRaleway|600||on|||||\u00bb text_text_color=\u00bb#000000&#8243; text_font_size=\u00bb47px\u00bb text_line_height=\u00bb1.8em\u00bb custom_margin=\u00bb-5px||55px||false|false\u00bb custom_padding=\u00bb||0px|||\u00bb hover_enabled=\u00bb0&#8243; text_font_size_tablet=\u00bb\u00bb text_font_size_phone=\u00bb24px\u00bb text_font_size_last_edited=\u00bbon|phone\u00bb locked=\u00bboff\u00bb sticky_enabled=\u00bb0&#8243;]<\/p>\n<h2 style=\"text-align: center;\"><strong>\u00bfC\u00f3mo traigo a un hermano a vivir en los Estados Unidos?<\/strong><\/h2>\n<p>[\/et_pb_text][et_pb_text _builder_version=\u00bb4.9.3&#8243; _module_preset=\u00bbdefault\u00bb text_font_size=\u00bb19px\u00bb hover_enabled=\u00bb0&#8243; sticky_enabled=\u00bb0&#8243;]<\/p>\n<p><strong>Definici\u00f3n de hermano<\/strong><\/p>\n<p>Un hermano es un hermano, hermana, hermanastro, hermanastra o hermano o hermana adoptiva. Para que exista la relaci\u00f3n de hermanos necesaria, cada persona debe haber sido hijo de al menos uno de los mismos padres. No es necesario que los hermanos compartan los mismos padres biol\u00f3gicos siempre que ambos se conviertan en \u00abni\u00f1os\u00bb en el momento adecuado (antes de los 16 a\u00f1os en los casos de adopci\u00f3n y antes de los 18 a\u00f1os en el caso de los hijastros).<\/p>\n<p><strong>Descripci\u00f3n general del proceso de inmigraci\u00f3n<\/strong><br \/>Un inmigrante legal (o \u201cresidente permanente legal\u201d) es un ciudadano extranjero al que se le ha otorgado el privilegio de vivir y trabajar permanentemente en los Estados Unidos. Hay un proceso de tres pasos para que su hermano o hermana se convierta en inmigrante legal:<\/p>\n<p>1. El USCIS debe aprobar una petici\u00f3n de visa de inmigrante que presente para su hermano o hermana.<\/p>\n<p>2. El bolet\u00edn de visas del Departamento de Estado debe mostrar que su hermano tiene disponible una visa de inmigrante, seg\u00fan la fecha en que present\u00f3 la solicitud de visa de inmigrante.<\/p>\n<p>3. Si su hermano o hermana est\u00e1 fuera de los Estados Unidos cuando un n\u00famero de visa de inmigrante est\u00e9 disponible, se le notificar\u00e1 a su hermano o hermana para que vaya al consulado local de los Estados Unidos para completar el proceso de una visa de inmigrante. Si su hermano se encuentra legalmente dentro de los EE. UU. Cuando un n\u00famero de visa de inmigrante est\u00e9 disponible, \u00e9l o ella puede solicitar ajustar su estatus al de residente permanente legal usando el Formulario I-485.<\/p>\n<p>Dependiendo de la relaci\u00f3n y el pa\u00eds involucrado, la espera de un n\u00famero de visa de hermano disponible puede ser de varios a\u00f1os. Puede consultar el Bolet\u00edn de visas del Departamento de Estado para conocer las fechas de prioridad actuales.<\/p>\n<p><strong>\u00bfCu\u00e1nto tiempo tarda el proceso?<\/strong><\/p>\n<p>El proceso de petici\u00f3n de hermanos es uno de los procesos de inmigraci\u00f3n m\u00e1s frustrantes y que requieren m\u00e1s tiempo. En la actualidad, se necesitan m\u00e1s de 10 a\u00f1os para traer un hermano a los Estados Unidos. Esto se debe al n\u00famero limitado de visas disponibles cada a\u00f1o para este tipo de peticiones.<\/p>\n<p><strong>\u00bfQue dice la ley?<\/strong><br \/>La Ley de Inmigraci\u00f3n y Nacionalidad es una ley que rige la admisi\u00f3n de todos los inmigrantes a los Estados Unidos. Para conocer la parte de la ley relativa a las visas de inmigrante para hermanos, consulte INA \u00a7 203 e INA \u00a7 204. Los requisitos y procedimientos espec\u00edficos de elegibilidad para solicitar visas de inmigrante y residencia permanente est\u00e1n incluidos en el C\u00f3digo de Regulaciones Federales.[CFR] en 8 CFR \u00a7 204.1, 8 CFR \u00a7 204.2 y 8 CFR \u00a7 245.<\/p>\n<p><strong>\u00bfQui\u00e9n es elegible para patrocinar a un hermano?<\/strong><\/p>\n<p>Si es ciudadano estadounidense y tiene al menos 21 a\u00f1os,<span> <\/span><strong>son elegibles<\/strong><span> <\/span>para solicitar traer a su hermano o hermana a vivir y trabajar permanentemente en los Estados Unidos. Si es un residente permanente legal,<span> <\/span><strong>no son elegibles<\/strong><span> <\/span>para solicitar traer a su hermano o hermana a vivir y trabajar permanentemente en los Estados Unidos.<\/p>\n<p>[\/et_pb_text][\/et_pb_column][\/et_pb_row][et_pb_row _builder_version=\u00bb4.9.3&#8243; _module_preset=\u00bbdefault\u00bb custom_padding=\u00bb||44px|||\u00bb][et_pb_column type=\u00bb4_4&#8243; _builder_version=\u00bb4.9.3&#8243; _module_preset=\u00bbdefault\u00bb][et_pb_button button_url=\u00bbhttps:\/\/barrylieber.com\/es\/temas-de-inmigracion\/\u00bb button_text=\u00bbVolver a Temas de inmigraci\u00f3n\u00bb button_alignment=\u00bbcenter\u00bb _builder_version=\u00bb4.9.3&#8243; _module_preset=\u00bbdefault\u00bb][\/et_pb_button][\/et_pb_column][\/et_pb_row][\/et_pb_section][et_pb_section fb_built=\u00bb1&#8243; _builder_version=\u00bb3.22&#8243; custom_margin=\u00bb18px|||||\u00bb custom_padding=\u00bb11px|||||\u00bb][et_pb_row column_structure=\u00bb2_3,1_3&#8243; _builder_version=\u00bb3.25&#8243; custom_padding=\u00bb7px|0px|0|0px|false|false\u00bb][et_pb_column type=\u00bb2_3&#8243; _builder_version=\u00bb3.25&#8243; custom_padding=\u00bb|||\u00bb custom_padding__hover=\u00bb|||\u00bb][et_pb_text _builder_version=\u00bb4.9.3&#8243; _module_preset=\u00bbdefault\u00bb text_font=\u00bbRaleway|600|||||||\u00bb text_text_color=\u00bb#000000&#8243; text_font_size=\u00bb47px\u00bb text_font_size_tablet=\u00bb\u00bb text_font_size_phone=\u00bb24px\u00bb text_font_size_last_edited=\u00bbon|phone\u00bb]<\/p>\n<p>Cont\u00e1ctenos:<\/p>\n<p>[\/et_pb_text][et_pb_text _builder_version=\u00bb4.9.3&#8243; text_font=\u00bbOpen Sans||||||||\u00bb text_font_size=\u00bb18px\u00bb text_line_height=\u00bb1.8em\u00bb locked=\u00bboff\u00bb]<\/p>\n<p>Tel:<strong> 305-374-3860<\/strong><br \/>Fax: 305-374-6495<\/p>\n<p><a href=\"mailto:barry@barrylieber.com\"><span>barry@barrylieber.com<\/span><\/a><\/p>\n<p>[\/et_pb_text][\/et_pb_column][et_pb_column type=\u00bb1_3&#8243; _builder_version=\u00bb3.25&#8243; custom_padding=\u00bb|||\u00bb custom_padding__hover=\u00bb|||\u00bb][et_pb_contact_form email=\u00bbbarry@barrylieber.com\u00bb success_message=\u00bbGracias por su correo electr\u00f3nico\u00bb submit_button_text=\u00bbEnviar\u00bb _builder_version=\u00bb4.9.3&#8243; _module_preset=\u00bbdefault\u00bb][et_pb_contact_field field_id=\u00bbContact_Name\u00bb field_title=\u00bbNombre de contacto\u00bb _builder_version=\u00bb4.6.3&#8243; button_text_size__hover_enabled=\u00bboff\u00bb button_one_text_size__hover_enabled=\u00bboff\u00bb button_two_text_size__hover_enabled=\u00bboff\u00bb button_text_color__hover_enabled=\u00bboff\u00bb button_one_text_color__hover_enabled=\u00bboff\u00bb button_two_text_color__hover_enabled=\u00bboff\u00bb button_border_width__hover_enabled=\u00bboff\u00bb button_one_border_width__hover_enabled=\u00bboff\u00bb button_two_border_width__hover_enabled=\u00bboff\u00bb button_border_color__hover_enabled=\u00bboff\u00bb button_one_border_color__hover_enabled=\u00bboff\u00bb button_two_border_color__hover_enabled=\u00bboff\u00bb button_border_radius__hover_enabled=\u00bboff\u00bb button_one_border_radius__hover_enabled=\u00bboff\u00bb button_two_border_radius__hover_enabled=\u00bboff\u00bb button_letter_spacing__hover_enabled=\u00bboff\u00bb button_one_letter_spacing__hover_enabled=\u00bboff\u00bb button_two_letter_spacing__hover_enabled=\u00bboff\u00bb button_bg_color__hover_enabled=\u00bboff\u00bb button_one_bg_color__hover_enabled=\u00bboff\u00bb button_two_bg_color__hover_enabled=\u00bboff\u00bb][\/et_pb_contact_field][et_pb_contact_field field_id=\u00bbEmail\u00bb field_title=\u00bbCorreo electr\u00f3nico\u00bb field_type=\u00bbemail\u00bb _builder_version=\u00bb4.9.3&#8243; button_text_size__hover_enabled=\u00bboff\u00bb button_one_text_size__hover_enabled=\u00bboff\u00bb button_two_text_size__hover_enabled=\u00bboff\u00bb button_text_color__hover_enabled=\u00bboff\u00bb button_one_text_color__hover_enabled=\u00bboff\u00bb button_two_text_color__hover_enabled=\u00bboff\u00bb button_border_width__hover_enabled=\u00bboff\u00bb button_one_border_width__hover_enabled=\u00bboff\u00bb button_two_border_width__hover_enabled=\u00bboff\u00bb button_border_color__hover_enabled=\u00bboff\u00bb button_one_border_color__hover_enabled=\u00bboff\u00bb button_two_border_color__hover_enabled=\u00bboff\u00bb button_border_radius__hover_enabled=\u00bboff\u00bb button_one_border_radius__hover_enabled=\u00bboff\u00bb button_two_border_radius__hover_enabled=\u00bboff\u00bb button_letter_spacing__hover_enabled=\u00bboff\u00bb button_one_letter_spacing__hover_enabled=\u00bboff\u00bb button_two_letter_spacing__hover_enabled=\u00bboff\u00bb button_bg_color__hover_enabled=\u00bboff\u00bb button_one_bg_color__hover_enabled=\u00bboff\u00bb button_two_bg_color__hover_enabled=\u00bboff\u00bb][\/et_pb_contact_field][et_pb_contact_field field_id=\u00bbPhone\u00bb field_title=\u00bbTel\u00e9fono \u00bb _builder_version=\u00bb4.6.3&#8243; button_text_size__hover_enabled=\u00bboff\u00bb button_one_text_size__hover_enabled=\u00bboff\u00bb button_two_text_size__hover_enabled=\u00bboff\u00bb button_text_color__hover_enabled=\u00bboff\u00bb button_one_text_color__hover_enabled=\u00bboff\u00bb button_two_text_color__hover_enabled=\u00bboff\u00bb button_border_width__hover_enabled=\u00bboff\u00bb button_one_border_width__hover_enabled=\u00bboff\u00bb button_two_border_width__hover_enabled=\u00bboff\u00bb button_border_color__hover_enabled=\u00bboff\u00bb button_one_border_color__hover_enabled=\u00bboff\u00bb button_two_border_color__hover_enabled=\u00bboff\u00bb button_border_radius__hover_enabled=\u00bboff\u00bb button_one_border_radius__hover_enabled=\u00bboff\u00bb button_two_border_radius__hover_enabled=\u00bboff\u00bb button_letter_spacing__hover_enabled=\u00bboff\u00bb button_one_letter_spacing__hover_enabled=\u00bboff\u00bb button_two_letter_spacing__hover_enabled=\u00bboff\u00bb button_bg_color__hover_enabled=\u00bboff\u00bb button_one_bg_color__hover_enabled=\u00bboff\u00bb button_two_bg_color__hover_enabled=\u00bboff\u00bb][\/et_pb_contact_field][et_pb_contact_field field_id=\u00bbMessage\u00bb field_title=\u00bbMensaje\u00bb field_type=\u00bbtext\u00bb fullwidth_field=\u00bbon\u00bb _builder_version=\u00bb3.16&#8243; button_text_size__hover_enabled=\u00bboff\u00bb button_one_text_size__hover_enabled=\u00bboff\u00bb button_two_text_size__hover_enabled=\u00bboff\u00bb button_text_color__hover_enabled=\u00bboff\u00bb button_one_text_color__hover_enabled=\u00bboff\u00bb button_two_text_color__hover_enabled=\u00bboff\u00bb button_border_width__hover_enabled=\u00bboff\u00bb button_one_border_width__hover_enabled=\u00bboff\u00bb button_two_border_width__hover_enabled=\u00bboff\u00bb button_border_color__hover_enabled=\u00bboff\u00bb button_one_border_color__hover_enabled=\u00bboff\u00bb button_two_border_color__hover_enabled=\u00bboff\u00bb button_border_radius__hover_enabled=\u00bboff\u00bb button_one_border_radius__hover_enabled=\u00bboff\u00bb button_two_border_radius__hover_enabled=\u00bboff\u00bb button_letter_spacing__hover_enabled=\u00bboff\u00bb button_one_letter_spacing__hover_enabled=\u00bboff\u00bb button_two_letter_spacing__hover_enabled=\u00bboff\u00bb button_bg_color__hover_enabled=\u00bboff\u00bb button_one_bg_color__hover_enabled=\u00bboff\u00bb button_two_bg_color__hover_enabled=\u00bboff\u00bb][\/et_pb_contact_field][\/et_pb_contact_form][\/et_pb_column][\/et_pb_row][\/et_pb_section][et_pb_section fb_built=\u00bb1&#8243; prev_background_color=\u00bb#ffffff\u00bb next_background_color=\u00bb#ffffff\u00bb admin_label=\u00bbCall To Action\u00bb _builder_version=\u00bb4.9.3&#8243; use_background_color_gradient=\u00bbon\u00bb background_color_gradient_start=\u00bb#e09900&#8243; background_color_gradient_end=\u00bbrgba(152,223,249,0.5)\u00bb background_color_gradient_direction=\u00bb148deg\u00bb background_color_gradient_start_position=\u00bb3%\u00bb background_color_gradient_overlays_image=\u00bbon\u00bb background_image=\u00bbhttps:\/\/barrylieber.com\/wp-content\/uploads\/2021\/04\/mia3.jpg\u00bb custom_margin=\u00bb|||\u00bb custom_padding=\u00bb5vw||5vw||true|false\u00bb top_divider_style=\u00bbmountains2&#8243; top_divider_height=\u00bb8vw\u00bb top_divider_repeat=\u00bb0.5x\u00bb top_divider_flip=\u00bbvertical\u00bb bottom_divider_style=\u00bbwave2&#8243; bottom_divider_height=\u00bb14%\u00bb bottom_divider_repeat=\u00bb0.5x\u00bb bottom_divider_flip=\u00bbhorizontal\u00bb locked=\u00bboff\u00bb][\/et_pb_section]<\/p>\n","protected":false},"excerpt":{"rendered":"<p>[et_pb_section fb_built=\u00bb1&#8243; next_background_color=\u00bb#ffffff\u00bb admin_label=\u00bbHero\u00bb _builder_version=\u00bb4.9.3&#8243; background_color=\u00bb#FFFFFF\u00bb background_color_gradient_direction=\u00bb70deg\u00bb background_enable_image=\u00bboff\u00bb width=\u00bb100%\u00bb max_width=\u00bb100%\u00bb module_alignment=\u00bbcenter\u00bb min_height=\u00bb960px\u00bb height=\u00bb886px\u00bb height_tablet=\u00bb\u00bb height_phone=\u00bb518px\u00bb height_last_edited=\u00bbon|desktop\u00bb max_height=\u00bb681px\u00bb custom_margin=\u00bb-3px||-285px||false|false\u00bb custom_padding=\u00bb0vw||26px||false|false\u00bb bottom_divider_style=\u00bbmountains2&#8243; bottom_divider_height=\u00bb20vw\u00bb bottom_divider_repeat=\u00bb0.5x\u00bb bottom_divider_flip=\u00bbhorizontal|vertical\u00bb background_last_edited=\u00bbon|phone\u00bb parallax_phone=\u00bboff\u00bb background_size_phone=\u00bbcover\u00bb][et_pb_row use_custom_gutter=\u00bbon\u00bb gutter_width=\u00bb4&#8243; make_equal=\u00bbon\u00bb _builder_version=\u00bb4.6.3&#8243; _module_preset=\u00bbdefault\u00bb width=\u00bb100%\u00bb max_width=\u00bb2560px\u00bb module_alignment=\u00bbcenter\u00bb custom_margin=\u00bb|auto|-40px|auto||\u00bb][et_pb_column type=\u00bb4_4&#8243; _builder_version=\u00bb4.6.3&#8243; _module_preset=\u00bbdefault\u00bb][et_pb_slider arrows_custom_color=\u00bb#0C71C3&#8243; dot_nav_custom_color=\u00bb#0C71C3&#8243; _builder_version=\u00bb4.9.3&#8243; _module_preset=\u00bbdefault\u00bb width=\u00bb100%\u00bb module_alignment=\u00bbcenter\u00bb min_height=\u00bb528px\u00bb custom_margin=\u00bb-33px|||||\u00bb custom_padding=\u00bb||39px|||\u00bb auto=\u00bbon\u00bb auto_ignore_hover=\u00bbon\u00bb hover_transition_duration=\u00bb400ms\u00bb hover_transition_delay=\u00bb150ms\u00bb hover_enabled=\u00bb0&#8243; module_alignment_tablet=\u00bb\u00bb module_alignment_phone=\u00bb\u00bb module_alignment_last_edited=\u00bbon|phone\u00bb [&hellip;]<\/p>\n","protected":false},"author":2,"featured_media":0,"parent":0,"menu_order":0,"comment_status":"closed","ping_status":"closed","template":"","meta":{"_et_pb_use_builder":"on","_et_pb_old_content":"","_et_gb_content_width":""},"_links":{"self":[{"href":"https:\/\/barrylieber.com\/es\/wp-json\/wp\/v2\/pages\/605"}],"collection":[{"href":"https:\/\/barrylieber.com\/es\/wp-json\/wp\/v2\/pages"}],"about":[{"href":"https:\/\/barrylieber.com\/es\/wp-json\/wp\/v2\/types\/page"}],"author":[{"embeddable":true,"href":"https:\/\/barrylieber.com\/es\/wp-json\/wp\/v2\/users\/2"}],"replies":[{"embeddable":true,"href":"https:\/\/barrylieber.com\/es\/wp-json\/wp\/v2\/comments?post=605"}],"version-history":[{"count":12,"href":"https:\/\/barrylieber.com\/es\/wp-json\/wp\/v2\/pages\/605\/revisions"}],"predecessor-version":[{"id":617,"href":"https:\/\/barrylieber.com\/es\/wp-json\/wp\/v2\/pages\/605\/revisions\/617"}],"wp:attachment":[{"href":"https:\/\/barrylieber.com\/es\/wp-json\/wp\/v2\/media?parent=605"}],"curies":[{"name":"wp","href":"https:\/\/api.w.org\/{rel}","templated":true}]}}